{"id":11807,"date":"2017-11-19T16:17:45","date_gmt":"2017-11-19T15:17:45","guid":{"rendered":"http:\/\/fotonet.cz\/wordpress\/?page_id=11807"},"modified":"2020-10-04T20:48:07","modified_gmt":"2020-10-04T18:48:07","slug":"jak-na-to","status":"publish","type":"page","link":"https:\/\/fotonet.cz\/wordpress\/jak-na-to\/","title":{"rendered":"JAK NA TO"},"content":{"rendered":"<p><div class=\"fusion-fullwidth fullwidth-box fusion-builder-row-1 nonhundred-percent-fullwidth non-hundred-percent-height-scrolling\" style=\"--awb-border-radius-top-left:0px;--awb-border-radius-top-right:0px;--awb-border-radius-bottom-right:0px;--awb-border-radius-bottom-left:0px;--awb-padding-top:2%;--awb-padding-right:4%;--awb-padding-bottom:0px;--awb-padding-left:4%;--awb-margin-top:0px;--awb-margin-bottom:0px;--awb-background-color:#293244;--awb-flex-wrap:wrap;\" ><div class=\"fusion-builder-row fusion-row\"><div class=\"fusion-layout-column fusion_builder_column fusion-builder-column-0 fusion_builder_column_1_1 1_1 fusion-one-full fusion-column-first fusion-column-last\" style=\"--awb-bg-size:cover;\"><div class=\"fusion-column-wrapper fusion-column-has-shadow fusion-flex-column-wrapper-legacy\"><div class=\"fusion-title title fusion-title-1 fusion-sep-none fusion-title-center fusion-title-text fusion-title-size-one\" style=\"--awb-margin-bottom:0px;--awb-margin-top-small:5%;--awb-margin-bottom-small:0px;\"><h1 class=\"fusion-title-heading title-heading-center fusion-responsive-typography-calculated\" style=\"margin:0;--fontSize:28;line-height:1.45;\">\u0160ET\u0158\u00cdME V\u00c1\u0160 \u010cAS I PEN\u00cdZE<\/h1><\/div><div class=\"fusion-clearfix\"><\/div><\/div><\/div><\/div><\/div><div class=\"fusion-fullwidth fullwidth-box fusion-builder-row-2 nonhundred-percent-fullwidth non-hundred-percent-height-scrolling\" style=\"--awb-border-radius-top-left:0px;--awb-border-radius-top-right:0px;--awb-border-radius-bottom-right:0px;--awb-border-radius-bottom-left:0px;--awb-padding-top:0px;--awb-padding-right:4%;--awb-padding-bottom:2%;--awb-padding-left:4%;--awb-margin-bottom:0px;--awb-background-color:#293244;--awb-flex-wrap:wrap;\" ><div class=\"fusion-builder-row fusion-row\"><div class=\"fusion-layout-column fusion_builder_column fusion-builder-column-1 fusion_builder_column_1_3 1_3 fusion-one-third fusion-column-first\" style=\"--awb-padding-top:20px;--awb-padding-right:20px;--awb-padding-bottom:20px;--awb-padding-left:20px;--awb-bg-color:#293244;--awb-bg-color-hover:#293244;--awb-bg-size:cover;--awb-border-color:#7a7a7a;--awb-border-top:1px;--awb-border-right:1px;--awb-border-bottom:1px;--awb-border-left:1px;--awb-border-style:dashed;--awb-margin-top:20px;width:33.3333333333%;width:calc(33.3333333333% - ( ( 2% + 2% ) * 0.333333333333 ) );margin-right: 2%;\"><div class=\"fusion-column-wrapper fusion-flex-column-wrapper-legacy\"><div class=\"fusion-fa-align-center\"><i class=\"fb-icon-element-1 fb-icon-element fontawesome-icon fa-arrow-circle-up fas circle-no fusion-animated\" style=\"--awb-circlecolor:#cd177b;--awb-font-size:80px;--awb-margin-top:3%;\" data-animationType=\"fadeInDown\" data-animationDuration=\"0.3\" data-animationOffset=\"top-into-view\"><\/i><\/div><div class=\"fusion-sep-clear\"><\/div><div class=\"fusion-separator fusion-full-width-sep\" style=\"margin-left: auto;margin-right: auto;width:100%;\"><\/div><div class=\"fusion-sep-clear\"><\/div><div class=\"fusion-text fusion-text-1\"><h1 style=\"text-align: center;\" data-fontsize=\"28\" data-lineheight=\"40\">NAHR\u00c1T FOTOGRAFIE<\/h1>\n<p style=\"text-align: center;\"><span style=\"color: var(--body_typography-color); font-family: var(--body_typography-font-family); font-size: var(--body_typography-font-size); font-style: var(--body_typography-font-style,normal); font-weight: var(--body_typography-font-weight); letter-spacing: var(--body_typography-letter-spacing);\">Rychl\u00fd n\u00e1vod jak za\u010d\u00edt a jednodu\u0161e nahr\u00e1t va\u0161e fotografie. <\/span><\/p>\n<\/div><div class=\"fusion-sep-clear\"><\/div><div class=\"fusion-separator fusion-full-width-sep\" style=\"margin-left: auto;margin-right: auto;width:100%;\"><\/div><div class=\"fusion-sep-clear\"><\/div><div class=\"fusion-aligncenter\"><a class=\"fusion-button button-flat button-large button-custom fusion-button-default button-1 fusion-button-default-span \" style=\"--button_accent_color:#ededed;--button_accent_hover_color:#ffffff;--button_border_hover_color:#787878;--button_gradient_top_color:#03a9f4;--button_gradient_bottom_color:#03a9f4;--button_gradient_top_color_hover:#03a9f4;--button_gradient_bottom_color_hover:#03a9f4;\" target=\"_self\" href=\"https:\/\/fotonet.cz\/wordpress\/jak-na-to\/nahrat-fotografie\/\"><i class=\"fa-list-alt far awb-button__icon awb-button__icon--default button-icon-left\" aria-hidden=\"true\"><\/i><span class=\"fusion-button-text awb-button__text awb-button__text--default\">ZOBRAZIT<\/span><\/a><\/div><div class=\"fusion-sep-clear\"><\/div><div class=\"fusion-separator fusion-full-width-sep\" style=\"margin-left: auto;margin-right: auto;margin-top:10px;width:100%;\"><\/div><div class=\"fusion-sep-clear\"><\/div><div class=\"fusion-clearfix\"><\/div><\/div><\/div><div class=\"fusion-layout-column fusion_builder_column fusion-builder-column-2 fusion_builder_column_1_3 1_3 fusion-one-third\" style=\"--awb-padding-top:20px;--awb-padding-right:20px;--awb-padding-bottom:20px;--awb-padding-left:20px;--awb-bg-color:#293244;--awb-bg-color-hover:#293244;--awb-bg-size:cover;--awb-border-color:#7a7a7a;--awb-border-top:1px;--awb-border-right:1px;--awb-border-bottom:1px;--awb-border-left:1px;--awb-border-style:dashed;--awb-margin-top:20px;width:33.3333333333%;width:calc(33.3333333333% - ( ( 2% + 2% ) * 0.333333333333 ) );margin-right: 2%;\"><div class=\"fusion-column-wrapper fusion-flex-column-wrapper-legacy\"><div class=\"fusion-sep-clear\"><\/div><div class=\"fusion-separator fusion-full-width-sep\" style=\"margin-left: auto;margin-right: auto;width:100%;\"><\/div><div class=\"fusion-sep-clear\"><\/div><div class=\"fusion-fa-align-center\"><i class=\"fb-icon-element-2 fb-icon-element fontawesome-icon fa-directions fas circle-no fusion-animated\" style=\"--awb-circlecolor:#cd177b;--awb-font-size:80px;--awb-margin-top:3%;\" data-animationType=\"fadeInDown\" data-animationDuration=\"0.3\" data-animationOffset=\"top-into-view\"><\/i><\/div><div class=\"fusion-text fusion-text-2\"><h1 style=\"text-align: center;\" data-fontsize=\"28\" data-lineheight=\"40\">RYCHL\u00c1 NAVIGACE<\/h1>\n<p style=\"text-align: center;\">Krok za krokem jak objednat na\u0161e produkty a slu\u017eby.<\/p>\n<\/div><div class=\"fusion-sep-clear\"><\/div><div class=\"fusion-separator fusion-full-width-sep\" style=\"margin-left: auto;margin-right: auto;width:100%;\"><\/div><div class=\"fusion-sep-clear\"><\/div><div class=\"fusion-aligncenter\"><a class=\"fusion-button button-flat button-large button-custom fusion-button-default button-2 fusion-button-default-span \" style=\"--button_accent_color:#ededed;--button_accent_hover_color:#ffffff;--button_border_hover_color:#787878;--button_gradient_top_color:#03a9f4;--button_gradient_bottom_color:#03a9f4;--button_gradient_top_color_hover:#03a9f4;--button_gradient_bottom_color_hover:#03a9f4;\" target=\"_self\" href=\"https:\/\/fotonet.cz\/wordpress\/jak-na-to\/rychla-navigace\/\"><i class=\"fa-list-alt far awb-button__icon awb-button__icon--default button-icon-left\" aria-hidden=\"true\"><\/i><span class=\"fusion-button-text awb-button__text awb-button__text--default\">ZOBRAZIT<\/span><\/a><\/div><div class=\"fusion-sep-clear\"><\/div><div class=\"fusion-separator fusion-full-width-sep\" style=\"margin-left: auto;margin-right: auto;margin-top:10px;width:100%;\"><\/div><div class=\"fusion-sep-clear\"><\/div><div class=\"fusion-clearfix\"><\/div><\/div><\/div><div class=\"fusion-layout-column fusion_builder_column fusion-builder-column-3 fusion_builder_column_1_3 1_3 fusion-one-third fusion-column-last\" style=\"--awb-padding-top:20px;--awb-padding-right:20px;--awb-padding-bottom:20px;--awb-padding-left:20px;--awb-bg-color:#293244;--awb-bg-color-hover:#293244;--awb-bg-size:cover;--awb-border-color:#7a7a7a;--awb-border-top:1px;--awb-border-right:1px;--awb-border-bottom:1px;--awb-border-left:1px;--awb-border-style:dashed;--awb-margin-top:20px;width:33.3333333333%;width:calc(33.3333333333% - ( ( 2% + 2% ) * 0.333333333333 ) );\"><div class=\"fusion-column-wrapper fusion-flex-column-wrapper-legacy\"><div class=\"fusion-sep-clear\"><\/div><div class=\"fusion-separator fusion-full-width-sep\" style=\"margin-left: auto;margin-right: auto;width:100%;\"><\/div><div class=\"fusion-sep-clear\"><\/div><div class=\"fusion-fa-align-center\"><i class=\"fb-icon-element-3 fb-icon-element fontawesome-icon fa-youtube fab circle-no fusion-animated\" style=\"--awb-circlecolor:#cd177b;--awb-font-size:80px;--awb-margin-top:3%;\" data-animationType=\"fadeInDown\" data-animationDuration=\"0.3\" data-animationOffset=\"top-into-view\"><\/i><\/div><div class=\"fusion-text fusion-text-3\"><h1 style=\"text-align: center;\" data-fontsize=\"28\" data-lineheight=\"40\">VIDEON\u00c1VODY<\/h1>\n<p style=\"text-align: center;\">Nejl\u00e9pe se \u010dlov\u011bk u\u010d\u00ed obrazem. Nep\u0159ehl\u00e9dn\u011bte na\u0161e instrukt\u00e1\u017en\u00ed videa.<\/p>\n<\/div><div class=\"fusion-sep-clear\"><\/div><div class=\"fusion-separator fusion-full-width-sep\" style=\"margin-left: auto;margin-right: auto;width:100%;\"><\/div><div class=\"fusion-sep-clear\"><\/div><div class=\"fusion-aligncenter\"><a class=\"fusion-button button-flat button-large button-custom fusion-button-default button-3 fusion-button-default-span \" style=\"--button_accent_color:#ededed;--button_accent_hover_color:#ffffff;--button_border_hover_color:#787878;--button_gradient_top_color:#03a9f4;--button_gradient_bottom_color:#03a9f4;--button_gradient_top_color_hover:#03a9f4;--button_gradient_bottom_color_hover:#03a9f4;\" target=\"_self\" href=\"https:\/\/fotonet.cz\/wordpress\/jak-na-to\/videonavody\/\"><i class=\"fa-list-alt far awb-button__icon awb-button__icon--default button-icon-left\" aria-hidden=\"true\"><\/i><span class=\"fusion-button-text awb-button__text awb-button__text--default\">ZOBRAZIT<\/span><\/a><\/div><div class=\"fusion-sep-clear\"><\/div><div class=\"fusion-separator fusion-full-width-sep\" style=\"margin-left: auto;margin-right: auto;margin-top:10px;width:100%;\"><\/div><div class=\"fusion-sep-clear\"><\/div><div class=\"fusion-clearfix\"><\/div><\/div><\/div><div class=\"fusion-layout-column fusion_builder_column fusion-builder-column-4 fusion_builder_column_1_3 1_3 fusion-one-third fusion-column-first\" style=\"--awb-padding-top:20px;--awb-padding-right:20px;--awb-padding-bottom:20px;--awb-padding-left:20px;--awb-bg-color:#293244;--awb-bg-color-hover:#293244;--awb-bg-size:cover;--awb-border-color:#7a7a7a;--awb-border-top:1px;--awb-border-right:1px;--awb-border-bottom:1px;--awb-border-left:1px;--awb-border-style:dashed;--awb-margin-top:20px;width:33.3333333333%;width:calc(33.3333333333% - ( ( 2% + 2% ) * 0.333333333333 ) );margin-right: 2%;\"><div class=\"fusion-column-wrapper fusion-flex-column-wrapper-legacy\"><div class=\"fusion-sep-clear\"><\/div><div class=\"fusion-separator fusion-full-width-sep\" style=\"margin-left: auto;margin-right: auto;width:100%;\"><\/div><div class=\"fusion-sep-clear\"><\/div><div class=\"fusion-fa-align-center\"><i class=\"fb-icon-element-4 fb-icon-element fontawesome-icon fa-info-circle fas circle-no fusion-animated\" style=\"--awb-circlecolor:#cd177b;--awb-font-size:80px;--awb-margin-top:3%;\" data-animationType=\"fadeInDown\" data-animationDuration=\"0.3\" data-animationOffset=\"top-into-view\"><\/i><\/div><div class=\"fusion-text fusion-text-4\"><h1 style=\"text-align: center;\" data-fontsize=\"28\" data-lineheight=\"40\">N\u00c1POV\u011aDA<\/h1>\n<p style=\"text-align: center;\">Podrobn\u00e1 n\u00e1pov\u011bda pro ka\u017edou \u010d\u00e1st na\u0161eho port\u00e1lu.<\/p>\n<\/div><div class=\"fusion-sep-clear\"><\/div><div class=\"fusion-separator fusion-full-width-sep\" style=\"margin-left: auto;margin-right: auto;width:100%;\"><\/div><div class=\"fusion-sep-clear\"><\/div><div class=\"fusion-aligncenter\"><a class=\"fusion-button button-flat button-large button-custom fusion-button-default button-4 fusion-button-default-span \" style=\"--button_accent_color:#ededed;--button_accent_hover_color:#ffffff;--button_border_hover_color:#787878;--button_gradient_top_color:#03a9f4;--button_gradient_bottom_color:#03a9f4;--button_gradient_top_color_hover:#03a9f4;--button_gradient_bottom_color_hover:#03a9f4;\" target=\"_self\" href=\"https:\/\/fotonet.cz\/wordpress\/jak-na-to\/napoveda\/\"><i class=\"fa-list-alt far awb-button__icon awb-button__icon--default button-icon-left\" aria-hidden=\"true\"><\/i><span class=\"fusion-button-text awb-button__text awb-button__text--default\">ZOBRAZIT<\/span><\/a><\/div><div class=\"fusion-sep-clear\"><\/div><div class=\"fusion-separator fusion-full-width-sep\" style=\"margin-left: auto;margin-right: auto;margin-top:10px;width:100%;\"><\/div><div class=\"fusion-sep-clear\"><\/div><div class=\"fusion-clearfix\"><\/div><\/div><\/div><div class=\"fusion-layout-column fusion_builder_column fusion-builder-column-5 fusion_builder_column_1_3 1_3 fusion-one-third\" style=\"--awb-padding-top:20px;--awb-padding-right:20px;--awb-padding-bottom:20px;--awb-padding-left:20px;--awb-bg-color:#293244;--awb-bg-color-hover:#293244;--awb-bg-size:cover;--awb-border-color:#7a7a7a;--awb-border-top:1px;--awb-border-right:1px;--awb-border-bottom:1px;--awb-border-left:1px;--awb-border-style:dashed;--awb-margin-top:20px;width:33.3333333333%;width:calc(33.3333333333% - ( ( 2% + 2% ) * 0.333333333333 ) );margin-right: 2%;\"><div class=\"fusion-column-wrapper fusion-flex-column-wrapper-legacy\"><div class=\"fusion-sep-clear\"><\/div><div class=\"fusion-separator fusion-full-width-sep\" style=\"margin-left: auto;margin-right: auto;width:100%;\"><\/div><div class=\"fusion-sep-clear\"><\/div><div class=\"fusion-fa-align-center\"><i class=\"fb-icon-element-5 fb-icon-element fontawesome-icon fa-question-circle fas circle-no fusion-animated\" style=\"--awb-circlecolor:#cd177b;--awb-font-size:80px;--awb-margin-top:3%;\" data-animationType=\"fadeInDown\" data-animationDuration=\"0.3\" data-animationOffset=\"top-into-view\"><\/i><\/div><div class=\"fusion-text fusion-text-5\"><h1 style=\"text-align: center;\" data-fontsize=\"28\" data-lineheight=\"40\">\u010cAST\u00c9 DOTAZY<\/h1>\n<p style=\"text-align: center;\">Nej\u010dast\u011bj\u0161\u00ed dotazy na \u010dasto \u0159e\u0161en\u00e1 t\u00e9mata.<\/p>\n<\/div><div class=\"fusion-sep-clear\"><\/div><div class=\"fusion-separator fusion-full-width-sep\" style=\"margin-left: auto;margin-right: auto;width:100%;\"><\/div><div class=\"fusion-sep-clear\"><\/div><div class=\"fusion-aligncenter\"><a class=\"fusion-button button-flat button-large button-custom fusion-button-default button-5 fusion-button-default-span \" style=\"--button_accent_color:#ededed;--button_accent_hover_color:#ffffff;--button_border_hover_color:#787878;--button_gradient_top_color:#03a9f4;--button_gradient_bottom_color:#03a9f4;--button_gradient_top_color_hover:#03a9f4;--button_gradient_bottom_color_hover:#03a9f4;\" target=\"_self\" href=\"https:\/\/fotonet.cz\/wordpress\/jak-na-to\/caste-dotazy\/\"><i class=\"fa-list-alt far awb-button__icon awb-button__icon--default button-icon-left\" aria-hidden=\"true\"><\/i><span class=\"fusion-button-text awb-button__text awb-button__text--default\">V\u00cdCE INFORMAC\u00cd<\/span><\/a><\/div><div class=\"fusion-sep-clear\"><\/div><div class=\"fusion-separator fusion-full-width-sep\" style=\"margin-left: auto;margin-right: auto;margin-top:10px;width:100%;\"><\/div><div class=\"fusion-sep-clear\"><\/div><div class=\"fusion-clearfix\"><\/div><\/div><\/div><div class=\"fusion-layout-column fusion_builder_column fusion-builder-column-6 fusion_builder_column_1_3 1_3 fusion-one-third fusion-column-last\" style=\"--awb-padding-top:20px;--awb-padding-right:20px;--awb-padding-bottom:20px;--awb-padding-left:20px;--awb-bg-color:#293244;--awb-bg-color-hover:#293244;--awb-bg-size:cover;--awb-border-color:#7a7a7a;--awb-border-top:1px;--awb-border-right:1px;--awb-border-bottom:1px;--awb-border-left:1px;--awb-border-style:dashed;--awb-margin-top:20px;width:33.3333333333%;width:calc(33.3333333333% - ( ( 2% + 2% ) * 0.333333333333 ) );\"><div class=\"fusion-column-wrapper fusion-flex-column-wrapper-legacy\"><div class=\"fusion-sep-clear\"><\/div><div class=\"fusion-separator fusion-full-width-sep\" style=\"margin-left: auto;margin-right: auto;width:100%;\"><\/div><div class=\"fusion-sep-clear\"><\/div><div class=\"fusion-fa-align-center\"><i class=\"fb-icon-element-6 fb-icon-element fontawesome-icon fa-arrow-circle-down fas circle-no fusion-animated\" style=\"--awb-circlecolor:#cd177b;--awb-font-size:80px;--awb-margin-top:3%;\" data-animationType=\"fadeInDown\" data-animationDuration=\"0.3\" data-animationOffset=\"top-into-view\"><\/i><\/div><div class=\"fusion-text fusion-text-6\"><h1 style=\"text-align: center;\" data-fontsize=\"28\" data-lineheight=\"40\">KE STA\u017dEN\u00cd<\/h1>\n<p style=\"text-align: center;\">St\u00e1hn\u011bte si na\u0161e barevn\u00e9 ICC profily, nebo informa\u010dn\u00ed dokumenty v PDF.<\/p>\n<\/div><div class=\"fusion-sep-clear\"><\/div><div class=\"fusion-separator fusion-full-width-sep\" style=\"margin-left: auto;margin-right: auto;width:100%;\"><\/div><div class=\"fusion-sep-clear\"><\/div><div class=\"fusion-aligncenter\"><a class=\"fusion-button button-flat button-large button-custom fusion-button-default button-6 fusion-button-default-span \" style=\"--button_accent_color:#ededed;--button_accent_hover_color:#ffffff;--button_border_hover_color:#787878;--button_gradient_top_color:#03a9f4;--button_gradient_bottom_color:#03a9f4;--button_gradient_top_color_hover:#03a9f4;--button_gradient_bottom_color_hover:#03a9f4;\" target=\"_self\" href=\"https:\/\/fotonet.cz\/wordpress\/jak-na-to\/ke-stazeni\/\"><i class=\"fa-list-alt far awb-button__icon awb-button__icon--default button-icon-left\" aria-hidden=\"true\"><\/i><span class=\"fusion-button-text awb-button__text awb-button__text--default\">V\u00cdCE INFORMAC\u00cd<\/span><\/a><\/div><div class=\"fusion-sep-clear\"><\/div><div class=\"fusion-separator fusion-full-width-sep\" style=\"margin-left: auto;margin-right: auto;margin-top:10px;width:100%;\"><\/div><div class=\"fusion-sep-clear\"><\/div><div class=\"fusion-clearfix\"><\/div><\/div><\/div><\/div><\/div><\/p>\n","protected":false},"excerpt":{"rendered":"","protected":false},"author":6,"featured_media":0,"parent":0,"menu_order":0,"comment_status":"closed","ping_status":"closed","template":"100-width.php","meta":{"footnotes":""},"class_list":["post-11807","page","type-page","status-publish","hentry"],"_links":{"self":[{"href":"https:\/\/fotonet.cz\/wordpress\/wp-json\/wp\/v2\/pages\/11807","targetHints":{"allow":["GET"]}}],"collection":[{"href":"https:\/\/fotonet.cz\/wordpress\/wp-json\/wp\/v2\/pages"}],"about":[{"href":"https:\/\/fotonet.cz\/wordpress\/wp-json\/wp\/v2\/types\/page"}],"author":[{"embeddable":true,"href":"https:\/\/fotonet.cz\/wordpress\/wp-json\/wp\/v2\/users\/6"}],"replies":[{"embeddable":true,"href":"https:\/\/fotonet.cz\/wordpress\/wp-json\/wp\/v2\/comments?post=11807"}],"version-history":[{"count":21,"href":"https:\/\/fotonet.cz\/wordpress\/wp-json\/wp\/v2\/pages\/11807\/revisions"}],"predecessor-version":[{"id":15009,"href":"https:\/\/fotonet.cz\/wordpress\/wp-json\/wp\/v2\/pages\/11807\/revisions\/15009"}],"wp:attachment":[{"href":"https:\/\/fotonet.cz\/wordpress\/wp-json\/wp\/v2\/media?parent=11807"}],"curies":[{"name":"wp","href":"https:\/\/api.w.org\/{rel}","templated":true}]}}