{"id":11840,"date":"2017-11-19T16:20:02","date_gmt":"2017-11-19T15:20:02","guid":{"rendered":"http:\/\/fotonet.cz\/wordpress\/?page_id=11840"},"modified":"2020-09-28T15:34:47","modified_gmt":"2020-09-28T13:34:47","slug":"ostatni-sluzby","status":"publish","type":"page","link":"https:\/\/fotonet.cz\/wordpress\/fotosluzby\/ostatni-sluzby\/","title":{"rendered":"Ostatn\u00ed slu\u017eby"},"content":{"rendered":"<p><div class=\"fusion-fullwidth fullwidth-box fusion-builder-row-1 nonhundred-percent-fullwidth non-hundred-percent-height-scrolling\" style=\"--awb-border-radius-top-left:0px;--awb-border-radius-top-right:0px;--awb-border-radius-bottom-right:0px;--awb-border-radius-bottom-left:0px;--awb-background-color:#293244;--awb-flex-wrap:wrap;\" ><div class=\"fusion-builder-row fusion-row\"><div class=\"fusion-layout-column fusion_builder_column fusion-builder-column-0 fusion_builder_column_1_1 1_1 fusion-one-full fusion-column-first fusion-column-last\" style=\"--awb-bg-size:cover;\"><div class=\"fusion-column-wrapper fusion-column-has-shadow fusion-flex-column-wrapper-legacy\"><div class=\"fusion-title title fusion-title-1 fusion-sep-none fusion-title-center fusion-title-text fusion-title-size-three\" style=\"--awb-margin-bottom:0px;\"><h3 class=\"fusion-title-heading title-heading-center fusion-responsive-typography-calculated\" style=\"margin:0;--fontSize:25;line-height:1.41;\">JE\u0160T\u011a V\u00cdCE SLU\u017dEB<br \/><\/h3><\/div><div class=\"fusion-clearfix\"><\/div><\/div><\/div><\/div><\/div><div class=\"fusion-fullwidth fullwidth-box fusion-builder-row-2 hundred-percent-fullwidth non-hundred-percent-height-scrolling\" style=\"--awb-border-radius-top-left:0px;--awb-border-radius-top-right:0px;--awb-border-radius-bottom-right:0px;--awb-border-radius-bottom-left:0px;--awb-padding-top:0px;--awb-padding-right:40px;--awb-padding-bottom:40px;--awb-padding-left:40px;--awb-margin-top:0px;--awb-margin-bottom:0px;--awb-background-color:#293244;--awb-flex-wrap:wrap;\" ><div class=\"fusion-builder-row fusion-row\"><div class=\"fusion-layout-column fusion_builder_column fusion-builder-column-1 fusion_builder_column_1_4 1_4 fusion-one-fourth fusion-column-first\" style=\"--awb-padding-top:20px;--awb-padding-right:20px;--awb-padding-bottom:20px;--awb-padding-left:20px;--awb-bg-color:#0a0a0a;--awb-bg-color-hover:#0a0a0a;--awb-bg-size:cover;--awb-border-color:#7a7a7a;--awb-border-top:1px;--awb-border-right:1px;--awb-border-bottom:1px;--awb-border-left:1px;--awb-border-style:dashed;--awb-margin-top:20px;width:25%;width:calc(25% - ( ( 2% + 2% + 2% ) * 0.25 ) );margin-right: 2%;\"><div class=\"fusion-column-wrapper fusion-flex-column-wrapper-legacy\"><div class=\"fusion-image-element fusion-image-align-center in-legacy-container\" style=\"text-align:center;--awb-caption-title-font-family:var(--h2_typography-font-family);--awb-caption-title-font-weight:var(--h2_typography-font-weight);--awb-caption-title-font-style:var(--h2_typography-font-style);--awb-caption-title-size:var(--h2_typography-font-size);--awb-caption-title-transform:var(--h2_typography-text-transform);--awb-caption-title-line-height:var(--h2_typography-line-height);--awb-caption-title-letter-spacing:var(--h2_typography-letter-spacing);\"><div class=\"imageframe-align-center\"><span class=\" fusion-imageframe imageframe-none imageframe-1 hover-type-zoomin fusion-animated\" data-animationType=\"fadeInUp\" data-animationDuration=\"0.3\" data-animationOffset=\"top-into-view\"><img decoding=\"async\" width=\"400\" height=\"225\" title=\"shutterstock_139247084\" src=\"http:\/\/fotonet.cz\/wordpress\/wp-content\/uploads\/2018\/07\/shutterstock_139247084-400x225.jpg\" alt class=\"img-responsive wp-image-12411\" srcset=\"https:\/\/fotonet.cz\/wordpress\/wp-content\/uploads\/2018\/07\/shutterstock_139247084-200x113.jpg 200w, https:\/\/fotonet.cz\/wordpress\/wp-content\/uploads\/2018\/07\/shutterstock_139247084-400x225.jpg 400w, https:\/\/fotonet.cz\/wordpress\/wp-content\/uploads\/2018\/07\/shutterstock_139247084-600x338.jpg 600w, https:\/\/fotonet.cz\/wordpress\/wp-content\/uploads\/2018\/07\/shutterstock_139247084-800x450.jpg 800w, https:\/\/fotonet.cz\/wordpress\/wp-content\/uploads\/2018\/07\/shutterstock_139247084-1200x675.jpg 1200w, https:\/\/fotonet.cz\/wordpress\/wp-content\/uploads\/2018\/07\/shutterstock_139247084.jpg 1920w\" sizes=\"(max-width: 800px) 100vw, 400px\" \/><\/span><\/div><\/div><div class=\"fusion-sep-clear\"><\/div><div class=\"fusion-separator fusion-full-width-sep\" style=\"margin-left: auto;margin-right: auto;width:100%;\"><\/div><div class=\"fusion-sep-clear\"><\/div><div class=\"fusion-text fusion-text-1\"><h1 style=\"text-align: center; --fontSize:28; line-height: 1.45;\" data-fontsize=\"28\" data-lineheight=\"40.6px\" class=\"fusion-responsive-typography-calculated\">SPR\u00c1VA PROFIL\u016e FOTOBANK<\/h1>\n<p style=\"text-align: center;\">Fo\u0165te a vyd\u011bl\u00e1vejte. V\u0161e ostatn\u00ed nechte na n\u00e1s! Neztr\u00e1cejte \u010das zdlouhavou spr\u00e1vou va\u0161ich profil\u016f na sv\u011btov\u00fdch fotobank\u00e1ch.<\/p>\n<\/div><div class=\"fusion-sep-clear\"><\/div><div class=\"fusion-separator fusion-full-width-sep\" style=\"margin-left: auto;margin-right: auto;width:100%;\"><\/div><div class=\"fusion-sep-clear\"><\/div><div class=\"fusion-aligncenter\"><a class=\"fusion-button button-flat button-large button-custom fusion-button-default button-1 fusion-button-default-span \" style=\"--button_accent_color:#ededed;--button_accent_hover_color:#ffffff;--button_border_hover_color:#787878;--button_gradient_top_color:#03a9f4;--button_gradient_bottom_color:#03a9f4;--button_gradient_top_color_hover:#03a9f4;--button_gradient_bottom_color_hover:#03a9f4;\" target=\"_self\" href=\"http:\/\/fotonet.cz\/wordpress\/sprava-profilu-fotobank\/\"><i class=\"fa-list-alt far awb-button__icon awb-button__icon--default button-icon-left\" aria-hidden=\"true\"><\/i><span class=\"fusion-button-text awb-button__text awb-button__text--default\">V\u00cdCE INFORMAC\u00cd<\/span><\/a><\/div><div class=\"fusion-sep-clear\"><\/div><div class=\"fusion-separator fusion-full-width-sep\" style=\"margin-left: auto;margin-right: auto;margin-top:10px;width:100%;\"><\/div><div class=\"fusion-sep-clear\"><\/div><div class=\"fusion-clearfix\"><\/div><\/div><\/div><div class=\"fusion-layout-column fusion_builder_column fusion-builder-column-2 fusion_builder_column_1_4 1_4 fusion-one-fourth\" style=\"--awb-padding-top:20px;--awb-padding-right:20px;--awb-padding-bottom:20px;--awb-padding-left:20px;--awb-bg-color:#0a0a0a;--awb-bg-color-hover:#0a0a0a;--awb-bg-size:cover;--awb-border-color:#7a7a7a;--awb-border-top:1px;--awb-border-right:1px;--awb-border-bottom:1px;--awb-border-left:1px;--awb-border-style:dashed;--awb-margin-top:20px;width:25%;width:calc(25% - ( ( 2% + 2% + 2% ) * 0.25 ) );margin-right: 2%;\"><div class=\"fusion-column-wrapper fusion-flex-column-wrapper-legacy\"><div class=\"fusion-image-element fusion-image-align-center in-legacy-container\" style=\"text-align:center;--awb-caption-title-font-family:var(--h2_typography-font-family);--awb-caption-title-font-weight:var(--h2_typography-font-weight);--awb-caption-title-font-style:var(--h2_typography-font-style);--awb-caption-title-size:var(--h2_typography-font-size);--awb-caption-title-transform:var(--h2_typography-text-transform);--awb-caption-title-line-height:var(--h2_typography-line-height);--awb-caption-title-letter-spacing:var(--h2_typography-letter-spacing);\"><div class=\"imageframe-align-center\"><span class=\" fusion-imageframe imageframe-none imageframe-2 hover-type-zoomin fusion-animated\" data-animationType=\"fadeInUp\" data-animationDuration=\"0.3\" data-animationOffset=\"top-into-view\"><img decoding=\"async\" width=\"300\" height=\"169\" title=\"shutterstock_562747135\" src=\"http:\/\/fotonet.cz\/wordpress\/wp-content\/uploads\/2020\/09\/shutterstock_562747135-scaled-e1601299599759-300x169.jpg\" alt class=\"img-responsive wp-image-14776\" srcset=\"https:\/\/fotonet.cz\/wordpress\/wp-content\/uploads\/2020\/09\/shutterstock_562747135-scaled-e1601299599759-200x113.jpg 200w, https:\/\/fotonet.cz\/wordpress\/wp-content\/uploads\/2020\/09\/shutterstock_562747135-scaled-e1601299599759-400x225.jpg 400w, https:\/\/fotonet.cz\/wordpress\/wp-content\/uploads\/2020\/09\/shutterstock_562747135-scaled-e1601299599759-600x338.jpg 600w, https:\/\/fotonet.cz\/wordpress\/wp-content\/uploads\/2020\/09\/shutterstock_562747135-scaled-e1601299599759-800x450.jpg 800w, https:\/\/fotonet.cz\/wordpress\/wp-content\/uploads\/2020\/09\/shutterstock_562747135-scaled-e1601299599759-1200x675.jpg 1200w, https:\/\/fotonet.cz\/wordpress\/wp-content\/uploads\/2020\/09\/shutterstock_562747135-scaled-e1601299599759.jpg 2560w\" sizes=\"(max-width: 800px) 100vw, 400px\" \/><\/span><\/div><\/div><div class=\"fusion-sep-clear\"><\/div><div class=\"fusion-separator fusion-full-width-sep\" style=\"margin-left: auto;margin-right: auto;width:100%;\"><\/div><div class=\"fusion-sep-clear\"><\/div><div class=\"fusion-text fusion-text-2\"><h1 style=\"text-align: center; --fontSize:28; line-height: 1.45;\" data-fontsize=\"28\" data-lineheight=\"40.6px\" class=\"fusion-responsive-typography-calculated\">T\u0158\u00cdD\u011aN\u00cd A KATALOGIZACE<\/h1>\n<p style=\"text-align: center;\">Rozt\u0159\u00edd\u00edme, ozna\u010d\u00edme, pojmenujeme archiv va\u0161ich fotografi\u00ed, ve kter\u00e9m se ji\u017e nikdy neztrat\u00edte.<\/p>\n<\/div><div class=\"fusion-sep-clear\"><\/div><div class=\"fusion-separator fusion-full-width-sep\" style=\"margin-left: auto;margin-right: auto;width:100%;\"><\/div><div class=\"fusion-sep-clear\"><\/div><div class=\"fusion-aligncenter\"><a class=\"fusion-button button-flat button-large button-custom fusion-button-default button-2 fusion-button-default-span \" style=\"--button_accent_color:#ededed;--button_accent_hover_color:#ffffff;--button_border_hover_color:#787878;--button_gradient_top_color:#03a9f4;--button_gradient_bottom_color:#03a9f4;--button_gradient_top_color_hover:#03a9f4;--button_gradient_bottom_color_hover:#03a9f4;\" target=\"_self\" href=\"http:\/\/fotonet.cz\/wordpress\/trideni-a-katalogizace\/\"><i class=\"fa-list-alt far awb-button__icon awb-button__icon--default button-icon-left\" aria-hidden=\"true\"><\/i><span class=\"fusion-button-text awb-button__text awb-button__text--default\">V\u00cdCE INFORMAC\u00cd<\/span><\/a><\/div><div class=\"fusion-sep-clear\"><\/div><div class=\"fusion-separator fusion-full-width-sep\" style=\"margin-left: auto;margin-right: auto;margin-top:10px;width:100%;\"><\/div><div class=\"fusion-sep-clear\"><\/div><div class=\"fusion-clearfix\"><\/div><\/div><\/div><div class=\"fusion-layout-column fusion_builder_column fusion-builder-column-3 fusion_builder_column_1_4 1_4 fusion-one-fourth\" style=\"--awb-padding-top:20px;--awb-padding-right:20px;--awb-padding-bottom:20px;--awb-padding-left:20px;--awb-bg-color:#0a0a0a;--awb-bg-color-hover:#0a0a0a;--awb-bg-size:cover;--awb-border-color:#7a7a7a;--awb-border-top:1px;--awb-border-right:1px;--awb-border-bottom:1px;--awb-border-left:1px;--awb-border-style:dashed;--awb-margin-top:20px;width:25%;width:calc(25% - ( ( 2% + 2% + 2% ) * 0.25 ) );margin-right: 2%;\"><div class=\"fusion-column-wrapper fusion-flex-column-wrapper-legacy\"><div class=\"fusion-image-element fusion-image-align-center in-legacy-container\" style=\"text-align:center;--awb-caption-title-font-family:var(--h2_typography-font-family);--awb-caption-title-font-weight:var(--h2_typography-font-weight);--awb-caption-title-font-style:var(--h2_typography-font-style);--awb-caption-title-size:var(--h2_typography-font-size);--awb-caption-title-transform:var(--h2_typography-text-transform);--awb-caption-title-line-height:var(--h2_typography-line-height);--awb-caption-title-letter-spacing:var(--h2_typography-letter-spacing);\"><div class=\"imageframe-align-center\"><span class=\" fusion-imageframe imageframe-none imageframe-3 hover-type-zoomin fusion-animated\" data-animationType=\"fadeInUp\" data-animationDuration=\"0.3\" data-animationOffset=\"top-into-view\"><img decoding=\"async\" width=\"300\" height=\"169\" title=\"shutterstock_136493474\" src=\"http:\/\/fotonet.cz\/wordpress\/wp-content\/uploads\/2020\/09\/shutterstock_136493474-scaled-e1601299798769-300x169.jpg\" alt class=\"img-responsive wp-image-14780\" srcset=\"https:\/\/fotonet.cz\/wordpress\/wp-content\/uploads\/2020\/09\/shutterstock_136493474-scaled-e1601299798769-200x113.jpg 200w, https:\/\/fotonet.cz\/wordpress\/wp-content\/uploads\/2020\/09\/shutterstock_136493474-scaled-e1601299798769-400x225.jpg 400w, https:\/\/fotonet.cz\/wordpress\/wp-content\/uploads\/2020\/09\/shutterstock_136493474-scaled-e1601299798769-600x338.jpg 600w, https:\/\/fotonet.cz\/wordpress\/wp-content\/uploads\/2020\/09\/shutterstock_136493474-scaled-e1601299798769-800x450.jpg 800w, https:\/\/fotonet.cz\/wordpress\/wp-content\/uploads\/2020\/09\/shutterstock_136493474-scaled-e1601299798769-1200x675.jpg 1200w, https:\/\/fotonet.cz\/wordpress\/wp-content\/uploads\/2020\/09\/shutterstock_136493474-scaled-e1601299798769.jpg 2560w\" sizes=\"(max-width: 800px) 100vw, 400px\" \/><\/span><\/div><\/div><div class=\"fusion-sep-clear\"><\/div><div class=\"fusion-separator fusion-full-width-sep\" style=\"margin-left: auto;margin-right: auto;width:100%;\"><\/div><div class=\"fusion-sep-clear\"><\/div><div class=\"fusion-text fusion-text-3\"><h1 style=\"text-align: center; --fontSize:28; line-height: 1.45;\" data-fontsize=\"28\" data-lineheight=\"40.6px\" class=\"fusion-responsive-typography-calculated\">KURZY<\/h1>\n<p style=\"text-align: center;\">Seznamte se s na\u0161\u00ed nab\u00eddkou kurz\u016f a semin\u00e1\u0159\u016f. U\u010den\u00edm v\u0161e za\u010d\u00edn\u00e1. Nastartujte svoj\u00ed profesion\u00e1ln\u00ed fotografickou kari\u00e9ru.<\/p>\n<\/div><div class=\"fusion-sep-clear\"><\/div><div class=\"fusion-separator fusion-full-width-sep\" style=\"margin-left: auto;margin-right: auto;width:100%;\"><\/div><div class=\"fusion-sep-clear\"><\/div><div class=\"fusion-aligncenter\"><a class=\"fusion-button button-flat button-large button-custom fusion-button-default button-3 fusion-button-default-span \" style=\"--button_accent_color:#ededed;--button_accent_hover_color:#ffffff;--button_border_hover_color:#787878;--button_gradient_top_color:#607d8b;--button_gradient_bottom_color:#607d8b;--button_gradient_top_color_hover:#607d8b;--button_gradient_bottom_color_hover:#607d8b;\" target=\"_self\"><i class=\"fa-tools fas awb-button__icon awb-button__icon--default button-icon-left\" aria-hidden=\"true\"><\/i><span class=\"fusion-button-text awb-button__text awb-button__text--default\">P\u0158IPRAVUJEME<\/span><\/a><\/div><div class=\"fusion-sep-clear\"><\/div><div class=\"fusion-separator fusion-full-width-sep\" style=\"margin-left: auto;margin-right: auto;margin-top:10px;width:100%;\"><\/div><div class=\"fusion-sep-clear\"><\/div><div class=\"fusion-clearfix\"><\/div><\/div><\/div><div class=\"fusion-layout-column fusion_builder_column fusion-builder-column-4 fusion_builder_column_1_4 1_4 fusion-one-fourth fusion-column-last\" style=\"--awb-padding-top:20px;--awb-padding-right:20px;--awb-padding-bottom:20px;--awb-padding-left:20px;--awb-bg-color:#0a0a0a;--awb-bg-color-hover:#0a0a0a;--awb-bg-size:cover;--awb-border-color:#7a7a7a;--awb-border-top:1px;--awb-border-right:1px;--awb-border-bottom:1px;--awb-border-left:1px;--awb-border-style:dashed;--awb-margin-top:20px;width:25%;width:calc(25% - ( ( 2% + 2% + 2% ) * 0.25 ) );\"><div class=\"fusion-column-wrapper fusion-flex-column-wrapper-legacy\"><div class=\"fusion-image-element fusion-image-align-center in-legacy-container\" style=\"text-align:center;--awb-caption-title-font-family:var(--h2_typography-font-family);--awb-caption-title-font-weight:var(--h2_typography-font-weight);--awb-caption-title-font-style:var(--h2_typography-font-style);--awb-caption-title-size:var(--h2_typography-font-size);--awb-caption-title-transform:var(--h2_typography-text-transform);--awb-caption-title-line-height:var(--h2_typography-line-height);--awb-caption-title-letter-spacing:var(--h2_typography-letter-spacing);\"><div class=\"imageframe-align-center\"><span class=\" fusion-imageframe imageframe-none imageframe-4 hover-type-zoomin fusion-animated\" data-animationType=\"fadeInUp\" data-animationDuration=\"0.3\" data-animationOffset=\"top-into-view\"><img decoding=\"async\" width=\"300\" height=\"169\" title=\"dreamstime_l_13772392\" src=\"http:\/\/fotonet.cz\/wordpress\/wp-content\/uploads\/2020\/09\/dreamstime_l_13772392-scaled-e1601300028156-300x169.jpg\" alt class=\"img-responsive wp-image-14781\" srcset=\"https:\/\/fotonet.cz\/wordpress\/wp-content\/uploads\/2020\/09\/dreamstime_l_13772392-scaled-e1601300028156-200x113.jpg 200w, https:\/\/fotonet.cz\/wordpress\/wp-content\/uploads\/2020\/09\/dreamstime_l_13772392-scaled-e1601300028156-400x225.jpg 400w, https:\/\/fotonet.cz\/wordpress\/wp-content\/uploads\/2020\/09\/dreamstime_l_13772392-scaled-e1601300028156-600x338.jpg 600w, https:\/\/fotonet.cz\/wordpress\/wp-content\/uploads\/2020\/09\/dreamstime_l_13772392-scaled-e1601300028156-800x450.jpg 800w, https:\/\/fotonet.cz\/wordpress\/wp-content\/uploads\/2020\/09\/dreamstime_l_13772392-scaled-e1601300028156-1200x675.jpg 1200w, https:\/\/fotonet.cz\/wordpress\/wp-content\/uploads\/2020\/09\/dreamstime_l_13772392-scaled-e1601300028156.jpg 2560w\" sizes=\"(max-width: 800px) 100vw, 400px\" \/><\/span><\/div><\/div><div class=\"fusion-sep-clear\"><\/div><div class=\"fusion-separator fusion-full-width-sep\" style=\"margin-left: auto;margin-right: auto;width:100%;\"><\/div><div class=\"fusion-sep-clear\"><\/div><div class=\"fusion-text fusion-text-4\"><h1 style=\"text-align: center;\" data-fontsize=\"28\" data-lineheight=\"40\">WORKSHOPY<\/h1>\n<p style=\"text-align: center;\">Chcete se zdokonalit v oboru fotografie, fotografick\u00e9 v\u00fdroby nebo postprodukce. P\u0159ihla\u0161te se na n\u011bkter\u00fd z na\u0161ich workshop\u016f.<\/p>\n<\/div><div class=\"fusion-aligncenter\"><a class=\"fusion-button button-flat button-large button-custom fusion-button-default button-4 fusion-button-default-span \" style=\"--button_accent_color:#ededed;--button_accent_hover_color:#ffffff;--button_border_hover_color:#787878;--button_gradient_top_color:#607d8b;--button_gradient_bottom_color:#607d8b;--button_gradient_top_color_hover:#607d8b;--button_gradient_bottom_color_hover:#607d8b;\" target=\"_self\"><i class=\"fa-tools fas awb-button__icon awb-button__icon--default button-icon-left\" aria-hidden=\"true\"><\/i><span class=\"fusion-button-text awb-button__text awb-button__text--default\">P\u0158IPRAVUJEME<\/span><\/a><\/div><div class=\"fusion-sep-clear\"><\/div><div class=\"fusion-separator fusion-full-width-sep\" style=\"margin-left: auto;margin-right: auto;margin-top:10px;width:100%;\"><\/div><div class=\"fusion-sep-clear\"><\/div><div class=\"fusion-clearfix\"><\/div><\/div><\/div><\/div><\/div><\/p>\n","protected":false},"excerpt":{"rendered":"","protected":false},"author":6,"featured_media":0,"parent":12730,"menu_order":0,"comment_status":"closed","ping_status":"closed","template":"100-width.php","meta":{"footnotes":""},"class_list":["post-11840","page","type-page","status-publish","hentry"],"_links":{"self":[{"href":"https:\/\/fotonet.cz\/wordpress\/wp-json\/wp\/v2\/pages\/11840","targetHints":{"allow":["GET"]}}],"collection":[{"href":"https:\/\/fotonet.cz\/wordpress\/wp-json\/wp\/v2\/pages"}],"about":[{"href":"https:\/\/fotonet.cz\/wordpress\/wp-json\/wp\/v2\/types\/page"}],"author":[{"embeddable":true,"href":"https:\/\/fotonet.cz\/wordpress\/wp-json\/wp\/v2\/users\/6"}],"replies":[{"embeddable":true,"href":"https:\/\/fotonet.cz\/wordpress\/wp-json\/wp\/v2\/comments?post=11840"}],"version-history":[{"count":32,"href":"https:\/\/fotonet.cz\/wordpress\/wp-json\/wp\/v2\/pages\/11840\/revisions"}],"predecessor-version":[{"id":14785,"href":"https:\/\/fotonet.cz\/wordpress\/wp-json\/wp\/v2\/pages\/11840\/revisions\/14785"}],"up":[{"embeddable":true,"href":"https:\/\/fotonet.cz\/wordpress\/wp-json\/wp\/v2\/pages\/12730"}],"wp:attachment":[{"href":"https:\/\/fotonet.cz\/wordpress\/wp-json\/wp\/v2\/media?parent=11840"}],"curies":[{"name":"wp","href":"https:\/\/api.w.org\/{rel}","templated":true}]}}