{"id":12070,"date":"2017-12-24T09:46:17","date_gmt":"2017-12-24T08:46:17","guid":{"rendered":"http:\/\/fotonet.cz\/wordpress\/?page_id=12070"},"modified":"2021-02-22T13:57:18","modified_gmt":"2021-02-22T12:57:18","slug":"benefity","status":"publish","type":"page","link":"https:\/\/fotonet.cz\/wordpress\/benefity\/benefity\/","title":{"rendered":"Benefity"},"content":{"rendered":"<p><div class=\"fusion-fullwidth fullwidth-box fusion-builder-row-1 hundred-percent-fullwidth non-hundred-percent-height-scrolling\" style=\"--awb-border-sizes-top:0px;--awb-border-sizes-bottom:0px;--awb-border-sizes-left:0px;--awb-border-sizes-right:0px;--awb-border-radius-top-left:0px;--awb-border-radius-top-right:0px;--awb-border-radius-bottom-right:0px;--awb-border-radius-bottom-left:0px;--awb-padding-top:0px;--awb-padding-bottom:0px;--awb-margin-top:0%;--awb-margin-bottom:0px;--awb-background-color:#293244;--awb-flex-wrap:wrap;\" ><div class=\"fusion-builder-row fusion-row\"><div class=\"fusion-layout-column fusion_builder_column fusion-builder-column-0 fusion_builder_column_1_1 1_1 fusion-one-full fusion-column-first fusion-column-last\" style=\"--awb-bg-size:cover;\"><div class=\"fusion-column-wrapper fusion-column-has-shadow fusion-flex-column-wrapper-legacy\"><div class=\"fusion-title title fusion-title-1 fusion-sep-none fusion-title-center fusion-title-text fusion-title-size-one\" style=\"--awb-text-color:#ffffff;\"><h1 class=\"fusion-title-heading title-heading-center fusion-responsive-typography-calculated\" style=\"margin:0;--fontSize:28;line-height:1.45;\"><span style=\"color: #ffffff;\">SPOUSTA DOBR\u00ddCH D\u016eVOD\u016e, PRO\u010c N\u00c1M SV\u011a\u0158IT FOTOGRAFIE<\/span><\/h1><\/div><div class=\"fusion-clearfix\"><\/div><\/div><\/div><div class=\"fusion-layout-column fusion_builder_column fusion-builder-column-1 fusion_builder_column_1_1 1_1 fusion-one-full fusion-column-first fusion-column-last\" style=\"--awb-bg-size:cover;\"><div class=\"fusion-column-wrapper fusion-flex-column-wrapper-legacy\"><div class=\"fusion-content-boxes content-boxes columns row fusion-columns-4 fusion-columns-total-15 fusion-content-boxes-1 content-boxes-icon-on-top content-left\" style=\"--awb-body-color:#a8a8a8;--awb-title-color:#607d8b;--awb-hover-accent-color:#607d8b;--awb-circle-hover-accent-color:transparent;\" data-animationOffset=\"top-into-view\"><div style=\"--awb-backgroundcolor:#000000;\" class=\"fusion-column content-box-column content-box-column content-box-column-1 col-lg-3 col-md-3 col-sm-3 fusion-content-box-hover content-box-column-first-in-row\"><div class=\"col content-box-wrapper content-wrapper-background link-area-link-icon icon-hover-animation-fade\" data-animationOffset=\"top-into-view\"><div class=\"heading heading-with-icon icon-left\"><div aria-hidden=\"true\" class=\"image\"><img decoding=\"async\" src=\"http:\/\/fotonet.cz\/wordpress\/wp-content\/uploads\/2017\/11\/wp_benefity_dvanact.png\" width=\"112\" height=\"112\" alt=\"\" \/><\/div><h2 class=\"content-box-heading fusion-responsive-typography-calculated\" style=\"--h2_typography-font-size:25px;--fontSize:25;line-height:1.5;\">12TI BAREVN\u00dd FOTOTISK<\/h2><\/div><div class=\"fusion-clearfix\"><\/div><div class=\"content-container\">\n<p>Tiskneme t\u00edm nejlep\u0161\u00edm od CANONU a HP. 12 barev pro dokonalou kvalitu tisku.<\/p>\n<div class=\"fusion-button-wrapper\"><a class=\"fusion-button button-flat fusion-button-default-size button-default fusion-button-default button-1 fusion-button-default-span \" target=\"_self\" href=\"https:\/\/fotonet.cz\/upload\"><span class=\"fusion-button-text awb-button__text awb-button__text--default\">TO CHCI<\/span><\/a><\/div>\n<\/div><\/div><\/div><div style=\"--awb-backgroundcolor:#000000;\" class=\"fusion-column content-box-column content-box-column content-box-column-2 col-lg-3 col-md-3 col-sm-3 fusion-content-box-hover \"><div class=\"col content-box-wrapper content-wrapper-background link-area-link-icon icon-hover-animation-fade\" data-animationOffset=\"top-into-view\"><div class=\"heading heading-with-icon icon-left\"><div aria-hidden=\"true\" class=\"image\"><img decoding=\"async\" src=\"http:\/\/fotonet.cz\/wordpress\/wp-content\/uploads\/2017\/11\/wp_benefity_poukazy.png\" width=\"112\" height=\"112\" alt=\"\" \/><\/div><h2 class=\"content-box-heading fusion-responsive-typography-calculated\" style=\"--h2_typography-font-size:25px;--fontSize:25;line-height:1.5;\">STYLOV\u00c9 D\u00c1RKOV\u00c9 POUKAZY<\/h2><\/div><div class=\"fusion-clearfix\"><\/div><div class=\"content-container\">\n<p>Origin\u00e1ln\u011b zpracovan\u00e1 grafika d\u00e1rkov\u00fdch poukaz\u016f pot\u011b\u0161\u00ed ka\u017ed\u00e9ho oslavence. Nav\u00edc si m\u016f\u017eete stanovit libovolnou hodnotu poukazu.<\/p>\n<div class=\"fusion-button-wrapper\"><a class=\"fusion-button button-flat fusion-button-default-size button-default fusion-button-default button-2 fusion-button-default-span \" target=\"_self\" href=\"https:\/\/fotonet.cz\/vouchers\"><span class=\"fusion-button-text awb-button__text awb-button__text--default\">TO CHCI<\/span><\/a><\/div>\n<\/div><\/div><\/div><div style=\"--awb-backgroundcolor:#000000;\" class=\"fusion-column content-box-column content-box-column content-box-column-3 col-lg-3 col-md-3 col-sm-3 fusion-content-box-hover \"><div class=\"col content-box-wrapper content-wrapper-background link-area-link-icon icon-hover-animation-fade\" data-animationOffset=\"top-into-view\"><div class=\"heading heading-with-icon icon-left\"><div aria-hidden=\"true\" class=\"image\"><img decoding=\"async\" src=\"http:\/\/fotonet.cz\/wordpress\/wp-content\/uploads\/2017\/11\/wp_benefity_ramovani.png\" width=\"112\" height=\"112\" alt=\"\" \/><\/div><h2 class=\"content-box-heading fusion-responsive-typography-calculated\" style=\"--h2_typography-font-size:25px;--fontSize:25;line-height:1.5;\">PATN\u00c1CT ZP\u016eSOB\u016e R\u00c1MOV\u00c1N\u00cd OBRAZ\u016e<\/h2><\/div><div class=\"fusion-clearfix\"><\/div><div class=\"content-container\">\n<p>Nab\u00edz\u00edme v\u00edce ne\u017e 15 r\u016fzn\u00fdch zp\u016fsob\u016f proveden\u00ed obraz\u016f. Tradi\u010dn\u00ed i modern\u00ed a stylov\u00e9.<\/p>\n<div class=\"fusion-button-wrapper\"><a class=\"fusion-button button-flat fusion-button-default-size button-default fusion-button-default button-3 fusion-button-default-span \" target=\"_self\" href=\"http:\/\/fotonet.cz\/upload\"><span class=\"fusion-button-text awb-button__text awb-button__text--default\">TO CHCI<\/span><\/a><\/div><\/div><\/div><\/div><div style=\"--awb-backgroundcolor:#000000;\" class=\"fusion-column content-box-column content-box-column content-box-column-4 col-lg-3 col-md-3 col-sm-3 fusion-content-box-hover content-box-column-last-in-row\"><div class=\"col content-box-wrapper content-wrapper-background link-area-link-icon icon-hover-animation-fade\" data-animationOffset=\"top-into-view\"><div class=\"heading heading-with-icon icon-left\"><div aria-hidden=\"true\" class=\"image\"><img decoding=\"async\" src=\"http:\/\/fotonet.cz\/wordpress\/wp-content\/uploads\/2017\/11\/wp_benefity_upravy.png\" width=\"112\" height=\"112\" alt=\"\" \/><\/div><h2 class=\"content-box-heading fusion-responsive-typography-calculated\" style=\"--h2_typography-font-size:25px;--fontSize:25;line-height:1.5;\">\u00daPRAVA FOTEK ONLINE<\/h2><\/div><div class=\"fusion-clearfix\"><\/div><div class=\"content-container\">\n<p>Objednejte si retu\u0161 a \u00fapravu va\u0161ich fotografi\u00ed jednodu\u0161e online. Nahrajte fotografii a p\u0159ipojte k n\u00ed p\u00edsemnou, kreslenou nebo mluvenou specifikaci \u00faprav.<\/p>\n<div class=\"fusion-button-wrapper\"><a class=\"fusion-button button-flat fusion-button-default-size button-default fusion-button-default button-4 fusion-button-default-span \" target=\"_self\" href=\"http:\/\/fotonet.cz\/wordpress\/upravy-fotografii\/\"><span class=\"fusion-button-text awb-button__text awb-button__text--default\">TO CHCI<\/span><\/a><\/div>\n<\/div><\/div><\/div><div style=\"--awb-backgroundcolor:#000000;\" class=\"fusion-column content-box-column content-box-column content-box-column-5 col-lg-3 col-md-3 col-sm-3 fusion-content-box-hover content-box-column-first-in-row\"><div class=\"col content-box-wrapper content-wrapper-background link-area-link-icon icon-hover-animation-fade\" data-animationOffset=\"top-into-view\"><div class=\"heading heading-with-icon icon-left\"><div aria-hidden=\"true\" class=\"image\"><img decoding=\"async\" src=\"https:\/\/fotonet.cz\/wordpress\/wp-content\/uploads\/2021\/02\/wp_benefity_tricettri.png\" width=\"112\" height=\"112\" alt=\"\" \/><\/div><h2 class=\"content-box-heading fusion-responsive-typography-calculated\" style=\"--h2_typography-font-size:25px;--fontSize:25;line-height:1.5;\">T\u0158ICET T\u0158I TISKOV\u00ddCH MATERI\u00c1L\u016e<\/h2><\/div><div class=\"fusion-clearfix\"><\/div><div class=\"content-container\">\n<p>M\u00e1me pro v\u00e1s nej\u0161ir\u0161\u00ed nab\u00eddku potiskovateln\u00fdch materi\u00e1l\u016f. Od oby\u010dejn\u00e9ho pap\u00edru a\u017e po luxusn\u00ed um\u011bleck\u00e1 pl\u00e1tna, l\u00e1tky, nebo tapety.<\/p>\n<div class=\"fusion-button-wrapper\"><a class=\"fusion-button button-flat fusion-button-default-size button-default fusion-button-default button-5 fusion-button-default-span \" target=\"_self\" href=\"http:\/\/fotonet.cz\/upload\"><span class=\"fusion-button-text awb-button__text awb-button__text--default\">TO CHCI<\/span><\/a><\/div><\/div><\/div><\/div><div style=\"--awb-backgroundcolor:#000000;\" class=\"fusion-column content-box-column content-box-column content-box-column-6 col-lg-3 col-md-3 col-sm-3 fusion-content-box-hover \"><div class=\"col content-box-wrapper content-wrapper-background link-area-link-icon icon-hover-animation-fade\" data-animationOffset=\"top-into-view\"><div class=\"heading heading-with-icon icon-left\"><div aria-hidden=\"true\" class=\"image\"><img decoding=\"async\" src=\"https:\/\/fotonet.cz\/wordpress\/wp-content\/uploads\/2021\/02\/wp_benefity_dvanact.png\" width=\"112\" height=\"112\" alt=\"\" \/><\/div><h2 class=\"content-box-heading fusion-responsive-typography-calculated\" style=\"--h2_typography-font-size:25px;--fontSize:25;line-height:1.5;\">DVAN\u00c1CT DESKOV\u00ddCH MATERI\u00c1L\u016e<\/h2><\/div><div class=\"fusion-clearfix\"><\/div><div class=\"content-container\">\n<p>Nab\u00edz\u00edme prakticky v\u0161echny druhy deskov\u00fdch materi\u00e1l\u016f pro ka\u0161\u00edrov\u00e1n\u00ed va\u0161ich fotografi\u00ed. Lehk\u00e9 p\u011bnov\u00e9, odoln\u00e9 plastov\u00e9 a nezni\u010diteln\u00e9 kovov\u00e9 desky s potiskem ve fotokvalit\u011b.<\/p>\n<div class=\"fusion-button-wrapper\"><a class=\"fusion-button button-flat fusion-button-default-size button-default fusion-button-default button-6 fusion-button-default-span \" target=\"_self\" href=\"http:\/\/fotonet.cz\/upload\"><span class=\"fusion-button-text awb-button__text awb-button__text--default\">TO CHCI<\/span><\/a><\/div><\/div><\/div><\/div><div style=\"--awb-backgroundcolor:#000000;\" class=\"fusion-column content-box-column content-box-column content-box-column-7 col-lg-3 col-md-3 col-sm-3 fusion-content-box-hover \"><div class=\"col content-box-wrapper content-wrapper-background link-area-link-icon icon-hover-animation-fade\" data-animationOffset=\"top-into-view\"><div class=\"heading heading-with-icon icon-left\"><div aria-hidden=\"true\" class=\"image\"><img decoding=\"async\" src=\"https:\/\/fotonet.cz\/wordpress\/wp-content\/uploads\/2021\/02\/wp_benefity_sest.png\" width=\"112\" height=\"112\" alt=\"\" \/><\/div><h2 class=\"content-box-heading fusion-responsive-typography-calculated\" style=\"--h2_typography-font-size:25px;--fontSize:25;line-height:1.5;\">\u0160EST POVRCHOV\u00ddCH \u00daPRAV<\/h2><\/div><div class=\"fusion-clearfix\"><\/div><div class=\"content-container\">\n<p>Krom\u011b tradi\u010dn\u00ed strojov\u00e9 laminace nab\u00edz\u00edme i zcela unik\u00e1tn\u00ed ru\u010dn\u011b st\u0159\u00edkanou laminaci. Celkem tedy m\u016f\u017eete vyu\u017e\u00edt \u0161esti r\u016fzn\u00fdch druh\u016f povrchov\u00e9 \u00fapravy va\u0161ich fotografi\u00ed.<\/p>\n<div class=\"fusion-button-wrapper\"><a class=\"fusion-button button-flat fusion-button-default-size button-default fusion-button-default button-7 fusion-button-default-span \" target=\"_self\" href=\"http:\/\/fotonet.cz\/upload\"><span class=\"fusion-button-text awb-button__text awb-button__text--default\">TO CHCI<\/span><\/a><\/div><\/div><\/div><\/div><div style=\"--awb-backgroundcolor:#000000;\" class=\"fusion-column content-box-column content-box-column content-box-column-8 col-lg-3 col-md-3 col-sm-3 fusion-content-box-hover content-box-column-last-in-row\"><div class=\"col content-box-wrapper content-wrapper-background link-area-link-icon icon-hover-animation-fade\" data-animationOffset=\"top-into-view\"><div class=\"heading heading-with-icon icon-left\"><div aria-hidden=\"true\" class=\"image\"><img decoding=\"async\" src=\"http:\/\/fotonet.cz\/wordpress\/wp-content\/uploads\/2017\/11\/wp_benefity_nahled.png\" width=\"112\" height=\"112\" alt=\"\" \/><\/div><h2 class=\"content-box-heading fusion-responsive-typography-calculated\" style=\"--h2_typography-font-size:25px;--fontSize:25;line-height:1.5;\">CHYTR\u00dd N\u00c1HLED V INTERI\u00c9RU ONLINE<\/h2><\/div><div class=\"fusion-clearfix\"><\/div><div class=\"content-container\">\n<p>Skv\u011bl\u00e1 funkce, kter\u00e1 v\u00e1m umo\u017en\u00ed jednodu\u0161e vid\u011bt sv\u016fj obraz, plak\u00e1t, nebo tapetu ve va\u0161em interi\u00e9ru je\u0161t\u011b p\u0159ed samotnou v\u00fdrobou.<\/p>\n<div class=\"fusion-button-wrapper\"><a class=\"fusion-button button-flat fusion-button-default-size button-default fusion-button-default button-8 fusion-button-default-span \" target=\"_self\" href=\"http:\/\/fotonet.cz\/upload\"><span class=\"fusion-button-text awb-button__text awb-button__text--default\">TO CHCI<\/span><\/a><\/div>\n<\/div><\/div><\/div><div style=\"--awb-backgroundcolor:#000000;\" class=\"fusion-column content-box-column content-box-column content-box-column-9 col-lg-3 col-md-3 col-sm-3 fusion-content-box-hover content-box-column-first-in-row\"><div class=\"col content-box-wrapper content-wrapper-background link-area-link-icon icon-hover-animation-fade\" data-animationOffset=\"top-into-view\"><div class=\"heading heading-with-icon icon-left\"><div aria-hidden=\"true\" class=\"image\"><img decoding=\"async\" src=\"http:\/\/fotonet.cz\/wordpress\/wp-content\/uploads\/2017\/11\/wp_benefity_vicedilne.png\" width=\"112\" height=\"112\" alt=\"\" \/><\/div><h2 class=\"content-box-heading fusion-responsive-typography-calculated\" style=\"--h2_typography-font-size:25px;--fontSize:25;line-height:1.5;\">V\u00cdCED\u00cdLN\u00c9 PROVEDEN\u00cd OBRAZ\u016e<\/h2><\/div><div class=\"fusion-clearfix\"><\/div><div class=\"content-container\">\n<p>St\u00e1le v\u00edce obl\u00edben\u00e1 varianta interi\u00e9rov\u00e9 dekorace. Motiv rozd\u011blen\u00fd na n\u011bkolik samostatn\u00fdch obraz\u016f slo\u017een\u00fdch do mozaiky.<\/p>\n<div class=\"fusion-button-wrapper\"><a class=\"fusion-button button-flat fusion-button-default-size button-default fusion-button-default button-9 fusion-button-default-span \" target=\"_self\" href=\"http:\/\/fotonet.cz\/upload\"><span class=\"fusion-button-text awb-button__text awb-button__text--default\">TO CHCI<\/span><\/a><\/div>\n<\/div><\/div><\/div><div style=\"--awb-backgroundcolor:#000000;\" class=\"fusion-column content-box-column content-box-column content-box-column-10 col-lg-3 col-md-3 col-sm-3 fusion-content-box-hover \"><div class=\"col content-box-wrapper content-wrapper-background link-area-link-icon icon-hover-animation-fade\" data-animationOffset=\"top-into-view\"><div class=\"heading heading-with-icon icon-left\"><div aria-hidden=\"true\" class=\"image\"><img decoding=\"async\" src=\"http:\/\/fotonet.cz\/wordpress\/wp-content\/uploads\/2017\/11\/wp_benefity_sestka.png\" width=\"112\" height=\"112\" alt=\"\" \/><\/div><h2 class=\"content-box-heading fusion-responsive-typography-calculated\" style=\"--h2_typography-font-size:25px;--fontSize:25;line-height:1.5;\">\u0160EST R\u016eZN\u00ddCH POVRCHOV\u00ddCH \u00daPRAV<\/h2><\/div><div class=\"fusion-clearfix\"><\/div><div class=\"content-container\">\n<p>Chceme, aby v\u00e1m fotky nebo obrazy vydr\u017eeli kr\u00e1sn\u00e9 co nejd\u00e9le. Proto je chr\u00e1n\u00edme kvalitn\u00ed st\u0159\u00edkanou nebo potahovanou laminac\u00ed.<\/p>\n<div class=\"fusion-button-wrapper\"><a class=\"fusion-button button-flat fusion-button-default-size button-default fusion-button-default button-10 fusion-button-default-span \" target=\"_self\" href=\"http:\/\/fotonet.cz\/upload\"><span class=\"fusion-button-text awb-button__text awb-button__text--default\">TO CHCI<\/span><\/a><\/div>\n<\/div><\/div><\/div><div style=\"--awb-backgroundcolor:#000000;\" class=\"fusion-column content-box-column content-box-column content-box-column-11 col-lg-3 col-md-3 col-sm-3 fusion-content-box-hover \"><div class=\"col content-box-wrapper content-wrapper-background link-area-link-icon icon-hover-animation-fade\" data-animationOffset=\"top-into-view\"><div class=\"heading heading-with-icon icon-left\"><div aria-hidden=\"true\" class=\"image\"><img decoding=\"async\" src=\"http:\/\/fotonet.cz\/wordpress\/wp-content\/uploads\/2017\/11\/wp_benefity_orez.png\" width=\"112\" height=\"112\" alt=\"\" \/><\/div><h2 class=\"content-box-heading fusion-responsive-typography-calculated\" style=\"--h2_typography-font-size:25px;--fontSize:25;line-height:1.5;\">INTELIGENTN\u00cd O\u0158EZ MOTIV\u016e<\/h2><\/div><div class=\"fusion-clearfix\"><\/div><div class=\"content-container\">\n<p>Jedine\u010dn\u00e1 funkce, kter\u00e1 v\u00e1m p\u0159in\u00e1\u0161\u00ed absolutn\u00ed svobodu ve v\u00fdb\u011bru velikosti i form\u00e1tu. <\/p>\n<div class=\"fusion-button-wrapper\"><a class=\"fusion-button button-flat fusion-button-default-size button-default fusion-button-default button-11 fusion-button-default-span \" target=\"_self\" href=\"http:\/\/fotonet.cz\/upload\"><span class=\"fusion-button-text awb-button__text awb-button__text--default\">TO CHCI<\/span><\/a><\/div><\/div><\/div><\/div><div style=\"--awb-backgroundcolor:#000000;\" class=\"fusion-column content-box-column content-box-column content-box-column-12 col-lg-3 col-md-3 col-sm-3 fusion-content-box-hover content-box-column-last-in-row\"><div class=\"col content-box-wrapper content-wrapper-background link-area-link-icon icon-hover-animation-fade\" data-animationOffset=\"top-into-view\"><div class=\"heading heading-with-icon icon-left\"><div aria-hidden=\"true\" class=\"image\"><img decoding=\"async\" src=\"http:\/\/fotonet.cz\/wordpress\/wp-content\/uploads\/2017\/11\/wp_benefity_petsetpet.png\" width=\"112\" height=\"112\" alt=\"\" \/><\/div><h2 class=\"content-box-heading fusion-responsive-typography-calculated\" style=\"--h2_typography-font-size:25px;--fontSize:25;line-height:1.5;\">V\u00cdCE NE\u017d 500 KLASICK\u00ddCH R\u00c1MOVAC\u00cdCH LI\u0160T<\/h2><\/div><div class=\"fusion-clearfix\"><\/div><div class=\"content-container\">\n<p>V na\u0161\u00ed nab\u00eddce najdete v\u00edce ne\u017e 500 li\u0161t pro klasick\u00e9 r\u00e1mov\u00e1n\u00ed a v\u00edce ne\u017e 70 druh\u016f paspart.<\/p>\n<div class=\"fusion-button-wrapper\"><a class=\"fusion-button button-flat fusion-button-default-size button-default fusion-button-default button-12 fusion-button-default-span \" target=\"_self\" href=\"http:\/\/fotonet.cz\/upload\"><span class=\"fusion-button-text awb-button__text awb-button__text--default\">TO CHCI<\/span><\/a><\/div>\n<\/div><\/div><\/div><div style=\"--awb-backgroundcolor:#000000;\" class=\"fusion-column content-box-column content-box-column content-box-column-13 col-lg-3 col-md-3 col-sm-3 fusion-content-box-hover content-box-column-first-in-row\"><div class=\"col content-box-wrapper content-wrapper-background link-area-link-icon icon-hover-animation-fade\" data-animationOffset=\"top-into-view\"><div class=\"heading heading-with-icon icon-left\"><div aria-hidden=\"true\" class=\"image\"><img decoding=\"async\" src=\"http:\/\/fotonet.cz\/wordpress\/wp-content\/uploads\/2020\/09\/vzornik.png\" width=\"112\" height=\"112\" alt=\"\" \/><\/div><h2 class=\"content-box-heading fusion-responsive-typography-calculated\" style=\"--h2_typography-font-size:25px;--fontSize:25;line-height:1.5;\">VZORN\u00cdKY MATERI\u00c1L\u016e<\/h2><\/div><div class=\"fusion-clearfix\"><\/div><div class=\"content-container\">Uka\u017ete sv\u00fdm klient\u016fm nej\u0161ir\u0161\u00ed nab\u00eddku materi\u00e1l\u016f. Objednejte si na\u0161e vzorn\u00edky materi\u00e1l\u016f. <\/p>\n<div class=\"fusion-button-wrapper\"><a class=\"fusion-button button-flat fusion-button-default-size button-default fusion-button-default button-13 fusion-button-default-span \" target=\"_self\" href=\"http:\/\/fotonet.cz\/upload\"><span class=\"fusion-button-text awb-button__text awb-button__text--default\">TO CHCI<\/span><\/a><\/div><\/div><\/div><\/div><div style=\"--awb-backgroundcolor:#000000;\" class=\"fusion-column content-box-column content-box-column content-box-column-14 col-lg-3 col-md-3 col-sm-3 fusion-content-box-hover \"><div class=\"col content-box-wrapper content-wrapper-background link-area-link-icon icon-hover-animation-fade\" data-animationOffset=\"top-into-view\"><div class=\"heading heading-with-icon icon-left\"><div aria-hidden=\"true\" class=\"image\"><img decoding=\"async\" src=\"http:\/\/fotonet.cz\/wordpress\/wp-content\/uploads\/2017\/11\/wp_benefity_korekce.png\" width=\"112\" height=\"112\" alt=\"\" \/><\/div><h2 class=\"content-box-heading fusion-responsive-typography-calculated\" style=\"--h2_typography-font-size:25px;--fontSize:25;line-height:1.5;\">AUTOMATICK\u00c9 KOREKCE ZDARMA<\/h2><\/div><div class=\"fusion-clearfix\"><\/div><div class=\"content-container\">\n<p>Zdarma v\u00e1m odstran\u00edme ne\u010distoty nebo po\u0161kozen\u00ed fotografi\u00ed. A tak\u00e9 zcela zdarma v\u00e1m nab\u00edz\u00edme automatickou barevnou korekci.<\/p>\n<div class=\"fusion-button-wrapper\"><a class=\"fusion-button button-flat fusion-button-default-size button-default fusion-button-default button-14 fusion-button-default-span \" target=\"_self\" href=\"http:\/\/fotonet.cz\/upload\"><span class=\"fusion-button-text awb-button__text awb-button__text--default\">TO CHCI<\/span><\/a><\/div>\n<\/div><\/div><\/div><div style=\"--awb-backgroundcolor:#000000;\" class=\"fusion-column content-box-column content-box-column content-box-column-15 col-lg-3 col-md-3 col-sm-3 fusion-content-box-hover content-box-column-last\"><div class=\"col content-box-wrapper content-wrapper-background link-area-link-icon icon-hover-animation-fade\" data-animationOffset=\"top-into-view\"><div class=\"heading heading-with-icon icon-left\"><div aria-hidden=\"true\" class=\"image\"><img decoding=\"async\" src=\"http:\/\/fotonet.cz\/wordpress\/wp-content\/uploads\/2017\/11\/wp_benefity_formatovani.png\" width=\"112\" height=\"112\" alt=\"\" \/><\/div><h2 class=\"content-box-heading fusion-responsive-typography-calculated\" style=\"--h2_typography-font-size:25px;--fontSize:25;line-height:1.5;\">FORM\u00c1TUJEME PO CENTRIMETRECH<\/h2><\/div><div class=\"fusion-clearfix\"><\/div><div class=\"content-container\">\n<p>Fotky v\u00e1m vytiskneme nebo zar\u00e1mujeme v libovoln\u00e9m form\u00e1tu po jednom centimetru.<\/p>\n<div class=\"fusion-button-wrapper\"><a class=\"fusion-button button-flat fusion-button-default-size button-default fusion-button-default button-15 fusion-button-default-span \" target=\"_self\" href=\"http:\/\/fotonet.cz\/upload\"><span class=\"fusion-button-text awb-button__text awb-button__text--default\">TO CHCI<\/span><\/a><\/div>\n<\/div><\/div><\/div><div class=\"fusion-clearfix\"><\/div><\/div><div class=\"fusion-clearfix\"><\/div><\/div><\/div><\/div><\/div><div class=\"fusion-fullwidth fullwidth-box fusion-builder-row-2 fusion-flex-container nonhundred-percent-fullwidth non-hundred-percent-height-scrolling\" style=\"--awb-border-radius-top-left:0px;--awb-border-radius-top-right:0px;--awb-border-radius-bottom-right:0px;--awb-border-radius-bottom-left:0px;--awb-background-color:#293244;--awb-flex-wrap:wrap;\" ><div class=\"fusion-builder-row fusion-row fusion-flex-align-items-flex-start fusion-flex-content-wrap\" style=\"max-width:1144px;margin-left: calc(-4% \/ 2 );margin-right: calc(-4% \/ 2 );\"><div class=\"fusion-layout-column fusion_builder_column fusion-builder-column-2 fusion_builder_column_1_1 1_1 fusion-flex-column\" style=\"--awb-bg-size:cover;--awb-width-large:100%;--awb-margin-top-large:0px;--awb-spacing-right-large:1.92%;--awb-margin-bottom-large:20px;--awb-spacing-left-large:1.92%;--awb-width-medium:100%;--awb-order-medium:0;--awb-spacing-right-medium:1.92%;--awb-spacing-left-medium:1.92%;--awb-width-small:100%;--awb-order-small:0;--awb-spacing-right-small:1.92%;--awb-spacing-left-small:1.92%;\"><div class=\"fusion-column-wrapper fusion-column-has-shadow fusion-flex-justify-content-flex-start fusion-content-layout-column\"><div style=\"text-align:center;\"><a class=\"fusion-button button-flat fusion-button-default-size button-default fusion-button-default button-16 fusion-button-default-span fusion-button-default-type\" target=\"_self\" href=\"https:\/\/fotonet.cz\/wordpress\/benefity\/\"><i class=\"fa-arrow-left fas awb-button__icon awb-button__icon--default button-icon-left\" aria-hidden=\"true\"><\/i><span class=\"fusion-button-text awb-button__text awb-button__text--default\">ZP\u011aT<\/span><\/a><\/div><\/div><\/div><\/div><\/div><\/p>\n","protected":false},"excerpt":{"rendered":"","protected":false},"author":6,"featured_media":0,"parent":11888,"menu_order":0,"comment_status":"closed","ping_status":"closed","template":"100-width.php","meta":{"footnotes":""},"class_list":["post-12070","page","type-page","status-publish","hentry"],"_links":{"self":[{"href":"https:\/\/fotonet.cz\/wordpress\/wp-json\/wp\/v2\/pages\/12070","targetHints":{"allow":["GET"]}}],"collection":[{"href":"https:\/\/fotonet.cz\/wordpress\/wp-json\/wp\/v2\/pages"}],"about":[{"href":"https:\/\/fotonet.cz\/wordpress\/wp-json\/wp\/v2\/types\/page"}],"author":[{"embeddable":true,"href":"https:\/\/fotonet.cz\/wordpress\/wp-json\/wp\/v2\/users\/6"}],"replies":[{"embeddable":true,"href":"https:\/\/fotonet.cz\/wordpress\/wp-json\/wp\/v2\/comments?post=12070"}],"version-history":[{"count":35,"href":"https:\/\/fotonet.cz\/wordpress\/wp-json\/wp\/v2\/pages\/12070\/revisions"}],"predecessor-version":[{"id":15149,"href":"https:\/\/fotonet.cz\/wordpress\/wp-json\/wp\/v2\/pages\/12070\/revisions\/15149"}],"up":[{"embeddable":true,"href":"https:\/\/fotonet.cz\/wordpress\/wp-json\/wp\/v2\/pages\/11888"}],"wp:attachment":[{"href":"https:\/\/fotonet.cz\/wordpress\/wp-json\/wp\/v2\/media?parent=12070"}],"curies":[{"name":"wp","href":"https:\/\/api.w.org\/{rel}","templated":true}]}}