{"id":12693,"date":"2018-10-24T11:25:54","date_gmt":"2018-10-24T09:25:54","guid":{"rendered":"http:\/\/fotonet.cz\/wordpress\/?page_id=12693"},"modified":"2020-06-15T22:11:25","modified_gmt":"2020-06-15T20:11:25","slug":"pokrocile-upravy","status":"publish","type":"page","link":"https:\/\/fotonet.cz\/wordpress\/fotosluzby\/upravy-fotografii\/pokrocile-upravy\/","title":{"rendered":"Pokro\u010dil\u00e9 \u00fapravy"},"content":{"rendered":"<p><div class=\"fusion-fullwidth fullwidth-box fusion-builder-row-1 nonhundred-percent-fullwidth non-hundred-percent-height-scrolling\" style=\"--awb-border-radius-top-left:0px;--awb-border-radius-top-right:0px;--awb-border-radius-bottom-right:0px;--awb-border-radius-bottom-left:0px;--awb-margin-top:4%;--awb-margin-bottom:4%;--awb-background-color:#293244;--awb-flex-wrap:wrap;\" ><div class=\"fusion-builder-row fusion-row\"><div class=\"fusion-layout-column fusion_builder_column fusion-builder-column-0 fusion_builder_column_2_3 2_3 fusion-two-third fusion-column-first\" style=\"--awb-bg-size:cover;width:66.6666666667%;width:calc(66.6666666667% - ( ( 4% ) * 0.666666666667 ) );margin-right: 4%;\"><div class=\"fusion-column-wrapper fusion-flex-column-wrapper-legacy\"><div class=\"fusion-image-before-after-wrapper fusion-animated fusion-image-before-after-horizontal type-before-after hover-type-together fusion-image-before-after-wrapper-1\" style=\"--awb-font-size:13px;--awb-bordersize:0px;--awb-handle-bg:rgba(0,188,212,0);--awb-accent-color-bg:rgba(255,255,255,0.15);--awb-transition-time:0.5s;\" data-animationType=\"fadeInUp\" data-animationDuration=\"0.3\" data-animationOffset=\"top-into-view\"><div class=\"fusion-image-before-after-element fusion-image-before-after fusion-image-before-after-container fusion-image-before-after-1\" data-offset=\"0.3\" data-orientation=\"horizontal\" data-move-with-handle-only=\"true\" data-click-to-move=\"true\"><img decoding=\"async\" alt=\"P\u0158ED\" class=\"fusion-image-before-after-before\" src=\"http:\/\/fotonet.cz\/wordpress\/wp-content\/uploads\/2020\/04\/KatKa_pred.jpg\" width=\"1920\" height=\"1080\"><img decoding=\"async\" alt=\"PO\" class=\"fusion-image-before-after-after\" src=\"http:\/\/fotonet.cz\/wordpress\/wp-content\/uploads\/2020\/04\/KatKa_po.jpg\" width=\"1920\" height=\"1080\"><div class=\"fusion-image-before-after-overlay before-after-overlay-image-centered\"><div class=\"fusion-image-before-after-before-label\" data-content=\"P\u0158ED\"><\/div><div class=\"fusion-image-before-after-after-label\" data-content=\"PO\"><\/div><\/div><div class=\"fusion-image-before-after-handle fusion-image-before-after-handle-default\"><span class=\"fusion-image-before-after-left-arrow\"><\/span><span class=\"fusion-image-before-after-right-arrow\"><\/span><\/div><\/div><\/div><div class=\"fusion-clearfix\"><\/div><\/div><\/div><div class=\"fusion-layout-column fusion_builder_column fusion-builder-column-1 fusion_builder_column_1_3 1_3 fusion-one-third fusion-column-last\" style=\"--awb-bg-size:cover;width:33.3333333333%;width:calc(33.3333333333% - ( ( 4% ) * 0.333333333333 ) );\"><div class=\"fusion-column-wrapper fusion-flex-column-wrapper-legacy\"><div class=\"fusion-title title fusion-title-1 fusion-sep-none fusion-title-text fusion-title-size-one\" style=\"--awb-margin-bottom:20px;\"><h1 class=\"fusion-title-heading title-heading-left fusion-responsive-typography-calculated\" style=\"margin:0;--fontSize:28;line-height:1.45;\">POKRO\u010cIL\u00c9 \u00daPRAVY<\/h1><\/div><div class=\"fusion-text fusion-text-1\"><p>Pov\u00fd\u0161\u00edme va\u0161\u00ed skv\u011blou fotografickou pr\u00e1ci na jinou \u00farove\u0148. Fotky vy\u010dist\u00edme, dobarv\u00edme. Dopln\u00edme o dal\u0161\u00ed objekty, nebo naopak necht\u011bn\u00e9 odstran\u00edme. Zd\u016frazn\u00edme hlavn\u00ed motiv a naopak potla\u010d\u00edme v\u0161e ostatn\u00ed.\u00a0P\u0159id\u00e1me do va\u0161ich fotek atmosf\u00e9ru, t\u00f3n a hloubku.<\/p>\n<\/div><ul style=\"--awb-line-height:23.8px;--awb-icon-width:23.8px;--awb-icon-height:23.8px;--awb-icon-margin:9.8px;--awb-content-margin:33.6px;--awb-circlecolor:#9e9e9e;--awb-circle-yes-font-size:12.32px;\" class=\"fusion-checklist fusion-checklist-1 fusion-checklist-default type-icons\"><li class=\"fusion-li-item\" style=\"\"><span class=\"icon-wrapper circle-yes\"><i class=\"fusion-li-icon fa-arrow-right fas\" aria-hidden=\"true\"><\/i><\/span><div class=\"fusion-li-item-content\">\n<p>Jsme t\u00fdm profesion\u00e1ln\u00edch retu\u0161\u00e9r\u016f<\/p>\n<\/div><\/li><li class=\"fusion-li-item\" style=\"\"><span class=\"icon-wrapper circle-yes\"><i class=\"fusion-li-icon fa-arrow-right fas\" aria-hidden=\"true\"><\/i><\/span><div class=\"fusion-li-item-content\">\n<p>Fashion &amp; portrait retouching<\/p>\n<\/div><\/li><\/ul><div class=\"fusion-sep-clear\"><\/div><div class=\"fusion-separator fusion-full-width-sep\" style=\"margin-left: auto;margin-right: auto;margin-bottom:7%;width:100%;\"><\/div><div class=\"fusion-sep-clear\"><\/div><div class=\"fusion-button-wrapper\"><a class=\"fusion-button button-flat button-xlarge button-default fusion-button-default button-1 fusion-button-default-span fusion-button-default-type\" target=\"_blank\" rel=\"noopener noreferrer\" href=\"http:\/\/fotonet.cz\/upload\"><i class=\"fa-arrow-up fas awb-button__icon awb-button__icon--default button-icon-left\" aria-hidden=\"true\"><\/i><span class=\"fusion-button-text awb-button__text awb-button__text--default\">KONFIGUR\u00c1TOR<\/span><\/a><\/div><div class=\"fusion-clearfix\"><\/div><\/div><\/div><\/div><\/div><div class=\"fusion-fullwidth fullwidth-box fusion-builder-row-2 hundred-percent-fullwidth non-hundred-percent-height-scrolling\" style=\"--awb-border-radius-top-left:0px;--awb-border-radius-top-right:0px;--awb-border-radius-bottom-right:0px;--awb-border-radius-bottom-left:0px;--awb-background-color:#757575;--awb-flex-wrap:wrap;\" ><div class=\"fusion-builder-row fusion-row\"><div class=\"fusion-layout-column fusion_builder_column fusion-builder-column-2 fusion_builder_column_1_1 1_1 fusion-one-full fusion-column-first fusion-column-last\" style=\"--awb-bg-size:cover;\"><div class=\"fusion-column-wrapper fusion-flex-column-wrapper-legacy\"><div class=\"fusion-title title fusion-title-2 fusion-sep-none fusion-title-center fusion-title-text fusion-title-size-three\" style=\"--awb-margin-top:2%;--awb-margin-bottom:2%;\"><h3 class=\"fusion-title-heading title-heading-center fusion-responsive-typography-calculated\" style=\"margin:0;--fontSize:25;line-height:1.41;\"><h3><span style=\"color: #ffffff;\">DAL\u0160\u00cd UK\u00c1ZKY NA\u0160\u00cd PR\u00c1CE<\/span><\/h3><\/h3><\/div><div class=\"fusion-clearfix\"><\/div><\/div><\/div><\/div><\/div><div class=\"fusion-fullwidth fullwidth-box fusion-builder-row-3 nonhundred-percent-fullwidth non-hundred-percent-height-scrolling\" style=\"--awb-border-radius-top-left:0px;--awb-border-radius-top-right:0px;--awb-border-radius-bottom-right:0px;--awb-border-radius-bottom-left:0px;--awb-padding-bottom:52px;--awb-background-color:#757575;--awb-flex-wrap:wrap;\" ><div class=\"fusion-builder-row fusion-row\"><div class=\"fusion-layout-column fusion_builder_column fusion-builder-column-3 fusion_builder_column_1_3 1_3 fusion-one-third fusion-column-first\" style=\"--awb-bg-size:cover;width:33.3333333333%;width:calc(33.3333333333% - ( ( 4% + 4% ) * 0.333333333333 ) );margin-right: 4%;\"><div class=\"fusion-column-wrapper fusion-flex-column-wrapper-legacy\"><div class=\"fusion-image-before-after-wrapper fusion-animated fusion-image-before-after-horizontal type-before-after hover-type-together fusion-image-before-after-wrapper-2\" style=\"--awb-font-size:13px;--awb-bordersize:0px;--awb-handle-bg:rgba(0,188,212,0);--awb-accent-color-bg:rgba(255,255,255,0.15);--awb-transition-time:0.5s;\" data-animationType=\"fadeInUp\" data-animationDuration=\"0.3\" data-animationOffset=\"top-into-view\"><div class=\"fusion-image-before-after-element fusion-image-before-after fusion-image-before-after-container fusion-image-before-after-2\" data-offset=\"0.3\" data-orientation=\"horizontal\" data-move-with-handle-only=\"true\" data-click-to-move=\"true\"><img decoding=\"async\" alt=\"P\u0158ED\" class=\"fusion-image-before-after-before\" src=\"http:\/\/fotonet.cz\/wordpress\/wp-content\/uploads\/2020\/04\/Rytir_pred.jpg\" width=\"1080\" height=\"1920\"><img decoding=\"async\" alt=\"PO\" class=\"fusion-image-before-after-after\" src=\"http:\/\/fotonet.cz\/wordpress\/wp-content\/uploads\/2020\/04\/Rytir_po.jpg\" width=\"1080\" height=\"1920\"><div class=\"fusion-image-before-after-overlay before-after-overlay-image-centered\"><div class=\"fusion-image-before-after-before-label\" data-content=\"P\u0158ED\"><\/div><div class=\"fusion-image-before-after-after-label\" data-content=\"PO\"><\/div><\/div><div class=\"fusion-image-before-after-handle fusion-image-before-after-handle-default\"><span class=\"fusion-image-before-after-left-arrow\"><\/span><span class=\"fusion-image-before-after-right-arrow\"><\/span><\/div><\/div><\/div><div class=\"fusion-sep-clear\"><\/div><div class=\"fusion-separator fusion-full-width-sep\" style=\"margin-left: auto;margin-right: auto;margin-bottom:7%;width:100%;\"><\/div><div class=\"fusion-sep-clear\"><\/div><div class=\"fusion-image-element in-legacy-container\" style=\"--awb-caption-title-font-family:var(--h2_typography-font-family);--awb-caption-title-font-weight:var(--h2_typography-font-weight);--awb-caption-title-font-style:var(--h2_typography-font-style);--awb-caption-title-size:var(--h2_typography-font-size);--awb-caption-title-transform:var(--h2_typography-text-transform);--awb-caption-title-line-height:var(--h2_typography-line-height);--awb-caption-title-letter-spacing:var(--h2_typography-letter-spacing);\"><span class=\" fusion-imageframe imageframe-none imageframe-1 hover-type-none\"><a href=\"http:\/\/fotonet.cz\/wordpress\/wp-content\/uploads\/2020\/01\/Tancici_dum_bez_semaforu_rsz-1200x938.jpg\" class=\"fusion-lightbox\" data-rel=\"iLightbox[114a269c1a769e6d9de]\" data-title=\"Tancici_dum_bez_semaforu_rsz\" title=\"Tancici_dum_bez_semaforu_rsz\"><img decoding=\"async\" width=\"800\" height=\"625\" src=\"http:\/\/fotonet.cz\/wordpress\/wp-content\/uploads\/2020\/01\/Tancici_dum_bez_semaforu_rsz-800x625.jpg\" alt class=\"img-responsive wp-image-13115\" srcset=\"https:\/\/fotonet.cz\/wordpress\/wp-content\/uploads\/2020\/01\/Tancici_dum_bez_semaforu_rsz-200x156.jpg 200w, https:\/\/fotonet.cz\/wordpress\/wp-content\/uploads\/2020\/01\/Tancici_dum_bez_semaforu_rsz-400x313.jpg 400w, https:\/\/fotonet.cz\/wordpress\/wp-content\/uploads\/2020\/01\/Tancici_dum_bez_semaforu_rsz-600x469.jpg 600w, https:\/\/fotonet.cz\/wordpress\/wp-content\/uploads\/2020\/01\/Tancici_dum_bez_semaforu_rsz-800x625.jpg 800w, https:\/\/fotonet.cz\/wordpress\/wp-content\/uploads\/2020\/01\/Tancici_dum_bez_semaforu_rsz-1200x938.jpg 1200w, https:\/\/fotonet.cz\/wordpress\/wp-content\/uploads\/2020\/01\/Tancici_dum_bez_semaforu_rsz.jpg 1920w\" sizes=\"(max-width: 800px) 100vw, 400px\" \/><\/a><\/span><\/div><div class=\"fusion-clearfix\"><\/div><\/div><\/div><div class=\"fusion-layout-column fusion_builder_column fusion-builder-column-4 fusion_builder_column_1_3 1_3 fusion-one-third\" style=\"--awb-bg-size:cover;width:33.3333333333%;width:calc(33.3333333333% - ( ( 4% + 4% ) * 0.333333333333 ) );margin-right: 4%;\"><div class=\"fusion-column-wrapper fusion-flex-column-wrapper-legacy\"><div class=\"fusion-image-before-after-wrapper fusion-animated fusion-image-before-after-horizontal type-before-after hover-type-together fusion-image-before-after-wrapper-3\" style=\"--awb-font-size:13px;--awb-bordersize:0px;--awb-handle-bg:rgba(0,188,212,0);--awb-accent-color-bg:rgba(255,255,255,0.15);--awb-transition-time:0.5s;\" data-animationType=\"fadeInUp\" data-animationDuration=\"0.3\" data-animationOffset=\"top-into-view\"><div class=\"fusion-image-before-after-element fusion-image-before-after fusion-image-before-after-container fusion-image-before-after-3\" data-offset=\"0.3\" data-orientation=\"horizontal\" data-move-with-handle-only=\"true\" data-click-to-move=\"true\"><img decoding=\"async\" alt=\"P\u0158ED\" class=\"fusion-image-before-after-before\" src=\"http:\/\/fotonet.cz\/wordpress\/wp-content\/uploads\/2020\/01\/divka_v_lese_PRED-800x1200.jpg\" width=\"800\" height=\"1200\"><img decoding=\"async\" alt=\"PO\" class=\"fusion-image-before-after-after\" src=\"http:\/\/fotonet.cz\/wordpress\/wp-content\/uploads\/2020\/01\/DIVKA_V_LESE_PO-800x1200.jpg\" width=\"800\" height=\"1200\"><div class=\"fusion-image-before-after-overlay before-after-overlay-image-centered\"><div class=\"fusion-image-before-after-before-label\" data-content=\"P\u0158ED\"><\/div><div class=\"fusion-image-before-after-after-label\" data-content=\"PO\"><\/div><\/div><div class=\"fusion-image-before-after-handle fusion-image-before-after-handle-default\"><span class=\"fusion-image-before-after-left-arrow\"><\/span><span class=\"fusion-image-before-after-right-arrow\"><\/span><\/div><\/div><\/div><div class=\"fusion-sep-clear\"><\/div><div class=\"fusion-separator fusion-full-width-sep\" style=\"margin-left: auto;margin-right: auto;margin-bottom:7%;width:100%;\"><\/div><div class=\"fusion-sep-clear\"><\/div><div class=\"fusion-image-before-after-wrapper fusion-animated fusion-image-before-after-horizontal type-before-after hover-type-together fusion-image-before-after-wrapper-4\" style=\"--awb-font-size:13px;--awb-bordersize:0px;--awb-handle-bg:rgba(0,188,212,0);--awb-accent-color-bg:rgba(255,255,255,0.15);--awb-transition-time:0.5s;\" data-animationType=\"fadeInUp\" data-animationDuration=\"0.3\" data-animationOffset=\"top-into-view\"><div class=\"fusion-image-before-after-element fusion-image-before-after fusion-image-before-after-container fusion-image-before-after-4\" data-offset=\"0.3\" data-orientation=\"horizontal\" data-move-with-handle-only=\"true\" data-click-to-move=\"true\"><img decoding=\"async\" alt=\"P\u0158ED\" class=\"fusion-image-before-after-before\" src=\"http:\/\/fotonet.cz\/wordpress\/wp-content\/uploads\/2018\/10\/ruzova_v_lese_pred-kopie-kopie-600x900.jpg\"><img decoding=\"async\" alt=\"PO\" class=\"fusion-image-before-after-after\" src=\"http:\/\/fotonet.cz\/wordpress\/wp-content\/uploads\/2018\/10\/ruzova_v_lese_po-600x900.jpg\"><div class=\"fusion-image-before-after-overlay before-after-overlay-image-centered\"><div class=\"fusion-image-before-after-before-label\" data-content=\"P\u0158ED\"><\/div><div class=\"fusion-image-before-after-after-label\" data-content=\"PO\"><\/div><\/div><div class=\"fusion-image-before-after-handle fusion-image-before-after-handle-default\"><span class=\"fusion-image-before-after-left-arrow\"><\/span><span class=\"fusion-image-before-after-right-arrow\"><\/span><\/div><\/div><\/div><div class=\"fusion-clearfix\"><\/div><\/div><\/div><div class=\"fusion-layout-column fusion_builder_column fusion-builder-column-5 fusion_builder_column_1_3 1_3 fusion-one-third fusion-column-last\" style=\"--awb-bg-size:cover;width:33.3333333333%;width:calc(33.3333333333% - ( ( 4% + 4% ) * 0.333333333333 ) );\"><div class=\"fusion-column-wrapper fusion-flex-column-wrapper-legacy\"><div class=\"fusion-image-before-after-wrapper fusion-animated fusion-image-before-after-horizontal type-before-after hover-type-together fusion-image-before-after-wrapper-5\" style=\"--awb-font-size:13px;--awb-bordersize:0px;--awb-handle-bg:rgba(0,188,212,0);--awb-accent-color-bg:rgba(255,255,255,0.15);--awb-transition-time:0.5s;\" data-animationType=\"fadeInUp\" data-animationDuration=\"0.3\" data-animationOffset=\"top-into-view\"><div class=\"fusion-image-before-after-element fusion-image-before-after fusion-image-before-after-container fusion-image-before-after-5\" data-offset=\"0.3\" data-orientation=\"horizontal\" data-move-with-handle-only=\"true\" data-click-to-move=\"true\"><img decoding=\"async\" alt=\"P\u0158ED\" class=\"fusion-image-before-after-before\" src=\"http:\/\/fotonet.cz\/wordpress\/wp-content\/uploads\/2020\/04\/vazka_pred.jpg\" width=\"533\" height=\"833\"><img decoding=\"async\" alt=\"PO\" class=\"fusion-image-before-after-after\" src=\"http:\/\/fotonet.cz\/wordpress\/wp-content\/uploads\/2020\/04\/vazka_po.jpg\" width=\"533\" height=\"833\"><div class=\"fusion-image-before-after-overlay before-after-overlay-image-centered\"><div class=\"fusion-image-before-after-before-label\" data-content=\"P\u0158ED\"><\/div><div class=\"fusion-image-before-after-after-label\" data-content=\"PO\"><\/div><\/div><div class=\"fusion-image-before-after-handle fusion-image-before-after-handle-default\"><span class=\"fusion-image-before-after-left-arrow\"><\/span><span class=\"fusion-image-before-after-right-arrow\"><\/span><\/div><\/div><\/div><div class=\"fusion-sep-clear\"><\/div><div class=\"fusion-separator fusion-full-width-sep\" style=\"margin-left: auto;margin-right: auto;margin-bottom:7%;width:100%;\"><\/div><div class=\"fusion-sep-clear\"><\/div><div class=\"fusion-image-element in-legacy-container\" style=\"--awb-caption-title-font-family:var(--h2_typography-font-family);--awb-caption-title-font-weight:var(--h2_typography-font-weight);--awb-caption-title-font-style:var(--h2_typography-font-style);--awb-caption-title-size:var(--h2_typography-font-size);--awb-caption-title-transform:var(--h2_typography-text-transform);--awb-caption-title-line-height:var(--h2_typography-line-height);--awb-caption-title-letter-spacing:var(--h2_typography-letter-spacing);\"><span class=\" fusion-imageframe imageframe-none imageframe-2 hover-type-none\"><a href=\"http:\/\/fotonet.cz\/wordpress\/wp-content\/uploads\/2020\/01\/dite_2.jpg\" class=\"fusion-lightbox\" data-rel=\"iLightbox[aee3be6897b3abaf9fc]\" data-title=\"dite_2\" title=\"dite_2\"><img decoding=\"async\" width=\"800\" height=\"533\" src=\"http:\/\/fotonet.cz\/wordpress\/wp-content\/uploads\/2020\/01\/dite_2.jpg\" alt class=\"img-responsive wp-image-13119\" srcset=\"https:\/\/fotonet.cz\/wordpress\/wp-content\/uploads\/2020\/01\/dite_2-200x133.jpg 200w, https:\/\/fotonet.cz\/wordpress\/wp-content\/uploads\/2020\/01\/dite_2-400x267.jpg 400w, https:\/\/fotonet.cz\/wordpress\/wp-content\/uploads\/2020\/01\/dite_2-600x400.jpg 600w, https:\/\/fotonet.cz\/wordpress\/wp-content\/uploads\/2020\/01\/dite_2.jpg 800w\" sizes=\"(max-width: 800px) 100vw, 400px\" \/><\/a><\/span><\/div><div class=\"fusion-sep-clear\"><\/div><div class=\"fusion-separator fusion-full-width-sep\" style=\"margin-left: auto;margin-right: auto;margin-bottom:7%;width:100%;\"><\/div><div class=\"fusion-sep-clear\"><\/div><div class=\"fusion-image-element in-legacy-container\" style=\"--awb-caption-title-font-family:var(--h2_typography-font-family);--awb-caption-title-font-weight:var(--h2_typography-font-weight);--awb-caption-title-font-style:var(--h2_typography-font-style);--awb-caption-title-size:var(--h2_typography-font-size);--awb-caption-title-transform:var(--h2_typography-text-transform);--awb-caption-title-line-height:var(--h2_typography-line-height);--awb-caption-title-letter-spacing:var(--h2_typography-letter-spacing);\"><span class=\" fusion-imageframe imageframe-none imageframe-3 hover-type-none\"><a href=\"http:\/\/fotonet.cz\/wordpress\/wp-content\/uploads\/2020\/01\/dite_1.jpg\" class=\"fusion-lightbox\" data-rel=\"iLightbox[895b89576017e05f097]\" data-title=\"dite_1\" title=\"dite_1\"><img decoding=\"async\" width=\"800\" height=\"1200\" src=\"http:\/\/fotonet.cz\/wordpress\/wp-content\/uploads\/2020\/01\/dite_1.jpg\" alt class=\"img-responsive wp-image-13118\" srcset=\"https:\/\/fotonet.cz\/wordpress\/wp-content\/uploads\/2020\/01\/dite_1-200x300.jpg 200w, https:\/\/fotonet.cz\/wordpress\/wp-content\/uploads\/2020\/01\/dite_1-400x600.jpg 400w, https:\/\/fotonet.cz\/wordpress\/wp-content\/uploads\/2020\/01\/dite_1-600x900.jpg 600w, https:\/\/fotonet.cz\/wordpress\/wp-content\/uploads\/2020\/01\/dite_1.jpg 800w\" sizes=\"(max-width: 800px) 100vw, 400px\" \/><\/a><\/span><\/div><div class=\"fusion-clearfix\"><\/div><\/div><\/div><\/div><\/div><div class=\"fusion-fullwidth fullwidth-box fusion-builder-row-4 nonhundred-percent-fullwidth non-hundred-percent-height-scrolling\" style=\"--awb-border-radius-top-left:0px;--awb-border-radius-top-right:0px;--awb-border-radius-bottom-right:0px;--awb-border-radius-bottom-left:0px;--awb-padding-top:4%;--awb-padding-bottom:4%;--awb-background-color:#444444;--awb-flex-wrap:wrap;\" ><div class=\"fusion-builder-row fusion-row\"><div class=\"fusion-layout-column fusion_builder_column fusion-builder-column-6 fusion_builder_column_1_1 1_1 fusion-one-full fusion-column-first fusion-column-last\" style=\"--awb-bg-size:cover;\"><div class=\"fusion-column-wrapper fusion-column-has-shadow fusion-flex-column-wrapper-legacy\"><div class=\"fusion-testimonials classic awb-speech-bubble-show fusion-testimonials-1\" style=\"--awb-textcolor:#aaa9a9;--awb-backgroundcolor:#cd177b;--awb-testimonial-border-style:solid;--awb-testimonial-border-color:var(--awb-color3);--awb-border-top-left-radius:0px;--awb-border-top-right-radius:0px;--awb-border-bottom-left-radius:0px;--awb-border-bottom-right-radius:0px;--testimonial-border-width-top:0px;--testimonial-border-width-right:0px;--testimonial-border-width-bottom:0px;--testimonial-border-width-left:0px;\" data-random=\"0\" data-speed=\"4000\"><div class=\"reviews\"><div class=\"review active-testimonial male\"><blockquote><div class=\"awb-quote\"><div class=\"awb-quote-content\">\n<h3>Chcete v\u011bd\u011bt v\u00edce informac\u00ed o t\u00e9to slu\u017eb\u011b. R\u00e1di v\u00e1m porad\u00edme.<br \/>\nVolejte + 420 604 522 684 nebo pi\u0161te na info@fotonet.cz<\/h3>\n<\/div><\/div><span class=\"awb-triangle\"><\/span><\/blockquote><div class=\"author\"><span class=\"testimonial-thumbnail doe\"><\/span><span class=\"company-name\"><strong>HELPLINKA<\/strong><span>, <\/span><a href=\"http:\/\/fotonet.cz\/wordpress\/kontakt\/\" target=\"_self\"><span>V\u00e1clav Neu\u017eil<\/span><\/a><\/span><\/div><\/div><\/div><div class=\"testimonial-pagination\" id=\"fusion-testimonials-1\"><\/div><\/div><div class=\"fusion-aligncenter\"><a class=\"fusion-button button-flat button-xlarge button-default fusion-button-default button-2 fusion-button-default-span fusion-button-default-type\" target=\"_self\" href=\"http:\/\/fotonet.cz\/wordpress\/upravy-fotografii\/\"><i class=\"fa-arrow-left fas awb-button__icon awb-button__icon--default button-icon-left\" aria-hidden=\"true\"><\/i><span class=\"fusion-button-text awb-button__text awb-button__text--default\">ZP\u011aT<\/span><\/a><\/div><div class=\"fusion-clearfix\"><\/div><\/div><\/div><\/div><\/div><\/p>\n","protected":false},"excerpt":{"rendered":"","protected":false},"author":6,"featured_media":0,"parent":11804,"menu_order":0,"comment_status":"closed","ping_status":"closed","template":"100-width.php","meta":{"footnotes":""},"class_list":["post-12693","page","type-page","status-publish","hentry"],"_links":{"self":[{"href":"https:\/\/fotonet.cz\/wordpress\/wp-json\/wp\/v2\/pages\/12693","targetHints":{"allow":["GET"]}}],"collection":[{"href":"https:\/\/fotonet.cz\/wordpress\/wp-json\/wp\/v2\/pages"}],"about":[{"href":"https:\/\/fotonet.cz\/wordpress\/wp-json\/wp\/v2\/types\/page"}],"author":[{"embeddable":true,"href":"https:\/\/fotonet.cz\/wordpress\/wp-json\/wp\/v2\/users\/6"}],"replies":[{"embeddable":true,"href":"https:\/\/fotonet.cz\/wordpress\/wp-json\/wp\/v2\/comments?post=12693"}],"version-history":[{"count":20,"href":"https:\/\/fotonet.cz\/wordpress\/wp-json\/wp\/v2\/pages\/12693\/revisions"}],"predecessor-version":[{"id":13661,"href":"https:\/\/fotonet.cz\/wordpress\/wp-json\/wp\/v2\/pages\/12693\/revisions\/13661"}],"up":[{"embeddable":true,"href":"https:\/\/fotonet.cz\/wordpress\/wp-json\/wp\/v2\/pages\/11804"}],"wp:attachment":[{"href":"https:\/\/fotonet.cz\/wordpress\/wp-json\/wp\/v2\/media?parent=12693"}],"curies":[{"name":"wp","href":"https:\/\/api.w.org\/{rel}","templated":true}]}}