{"id":12913,"date":"2019-07-18T12:02:44","date_gmt":"2019-07-18T10:02:44","guid":{"rendered":"http:\/\/fotonet.cz\/wordpress\/?page_id=12913"},"modified":"2020-09-10T20:27:45","modified_gmt":"2020-09-10T18:27:45","slug":"fotoknihy","status":"publish","type":"page","link":"https:\/\/fotonet.cz\/wordpress\/fotosluzby\/fotoknihy\/","title":{"rendered":"Fotoknihy"},"content":{"rendered":"<p><div class=\"fusion-fullwidth fullwidth-box fusion-builder-row-1 fusion-parallax-none hundred-percent-fullwidth non-hundred-percent-height-scrolling\" style=\"--awb-background-blend-mode:overlay;--awb-border-radius-top-left:0px;--awb-border-radius-top-right:0px;--awb-border-radius-bottom-right:0px;--awb-border-radius-bottom-left:0px;--awb-padding-top:0%;--awb-padding-right:4%;--awb-padding-bottom:0px;--awb-padding-left:4%;--awb-margin-top:0px;--awb-background-color:#293244;--awb-background-image:url(&quot;http:\/\/fotonet.cz\/wordpress\/wp-content\/uploads\/2020\/05\/fotoknihy-300x169.jpg&quot;);--awb-background-size:cover;--awb-flex-wrap:wrap;\" ><div class=\"fusion-builder-row fusion-row\"><div class=\"fusion-layout-column fusion_builder_column fusion-builder-column-0 fusion_builder_column_1_1 1_1 fusion-one-full fusion-column-first fusion-column-last\" style=\"--awb-padding-top:4%;--awb-bg-size:cover;--awb-margin-bottom:0px;\"><div class=\"fusion-column-wrapper fusion-column-has-shadow fusion-flex-column-wrapper-legacy\"><div class=\"fusion-title title fusion-title-1 fusion-sep-none fusion-title-center fusion-title-text fusion-title-size-one\"><h1 class=\"fusion-title-heading title-heading-center fusion-responsive-typography-calculated\" style=\"margin:0;--fontSize:28;line-height:1.45;\"><p style=\"text-align: center;\">NECHTE SI ZPRACOVAT FOTOKNIHU<br \/>\nOD PROFESION\u00c1LN\u00cdCH GRAFIK\u016e<\/p><\/h1><\/div><div class=\"fusion-text fusion-text-1\"><p style=\"text-align: center;\">Vyu\u017eijte na\u0161\u00ed unik\u00e1tn\u00ed slu\u017eby zpracov\u00e1n\u00ed fotoknihy.<\/p>\n<\/div><div class=\"fusion-sep-clear\"><\/div><div class=\"fusion-separator fusion-full-width-sep\" style=\"margin-left: auto;margin-right: auto;margin-top:2%;width:100%;\"><\/div><div class=\"fusion-sep-clear\"><\/div><div class=\"fusion-clearfix\"><\/div><\/div><\/div><\/div><\/div><div class=\"fusion-fullwidth fullwidth-box fusion-builder-row-2 nonhundred-percent-fullwidth non-hundred-percent-height-scrolling\" style=\"--awb-border-radius-top-left:0px;--awb-border-radius-top-right:0px;--awb-border-radius-bottom-right:0px;--awb-border-radius-bottom-left:0px;--awb-padding-top:4%;--awb-padding-right:4%;--awb-padding-bottom:4%;--awb-padding-left:4%;--awb-background-color:#293244;--awb-flex-wrap:wrap;\" ><div class=\"fusion-builder-row fusion-row\"><div class=\"fusion-layout-column fusion_builder_column fusion-builder-column-1 fusion_builder_column_1_4 1_4 fusion-one-fourth fusion-column-first\" style=\"--awb-bg-size:cover;width:25%;width:calc(25% - ( ( 4% + 4% + 4% ) * 0.25 ) );margin-right: 4%;\"><div class=\"fusion-column-wrapper fusion-column-has-shadow fusion-flex-column-wrapper-legacy\"><div class=\"fusion-fa-align-center\"><i class=\"fb-icon-element-1 fb-icon-element fontawesome-icon fa-clock far circle-yes\" style=\"--awb-circlecolor:#cd177b;--awb-circlecolor-hover:#cd177b;--awb-circlebordersize:1px;--awb-font-size:35.2px;--awb-width:70.4px;--awb-height:70.4px;--awb-line-height:68.4px;--awb-margin-top:2%;--awb-margin-bottom:5%;\"><\/i><\/div><div class=\"fusion-text fusion-text-2\"><p style=\"text-align: center;\">U\u0161et\u0159\u00edme v\u00e1m spoustu \u010dasu.<\/p>\n<\/div><div class=\"fusion-clearfix\"><\/div><\/div><\/div><div class=\"fusion-layout-column fusion_builder_column fusion-builder-column-2 fusion_builder_column_1_4 1_4 fusion-one-fourth\" style=\"--awb-bg-size:cover;width:25%;width:calc(25% - ( ( 4% + 4% + 4% ) * 0.25 ) );margin-right: 4%;\"><div class=\"fusion-column-wrapper fusion-column-has-shadow fusion-flex-column-wrapper-legacy\"><div class=\"fusion-fa-align-center\"><i class=\"fb-icon-element-2 fb-icon-element fontawesome-icon fa-user far circle-yes\" style=\"--awb-circlecolor:#cd177b;--awb-circlecolor-hover:#cd177b;--awb-circlebordersize:1px;--awb-font-size:35.2px;--awb-width:70.4px;--awb-height:70.4px;--awb-line-height:68.4px;--awb-margin-top:2%;--awb-margin-bottom:5%;\"><\/i><\/div><div class=\"fusion-text fusion-text-3\"><p style=\"text-align: center;\">Z\u00edsk\u00e1te naprosto individu\u00e1ln\u00ed p\u0159\u00edstup k va\u0161\u00ed fotoknize.<\/p>\n<\/div><div class=\"fusion-clearfix\"><\/div><\/div><\/div><div class=\"fusion-layout-column fusion_builder_column fusion-builder-column-3 fusion_builder_column_1_4 1_4 fusion-one-fourth\" style=\"--awb-bg-size:cover;width:25%;width:calc(25% - ( ( 4% + 4% + 4% ) * 0.25 ) );margin-right: 4%;\"><div class=\"fusion-column-wrapper fusion-column-has-shadow fusion-flex-column-wrapper-legacy\"><div class=\"fusion-fa-align-center\"><i class=\"fb-icon-element-3 fb-icon-element fontawesome-icon fa-pencil-ruler fas circle-yes\" style=\"--awb-circlecolor:#cd177b;--awb-circlecolor-hover:#cd177b;--awb-circlebordersize:1px;--awb-font-size:35.2px;--awb-width:70.4px;--awb-height:70.4px;--awb-line-height:68.4px;--awb-margin-top:2%;--awb-margin-bottom:5%;\"><\/i><\/div><div class=\"fusion-text fusion-text-4\"><p style=\"text-align: center;\">Dostanete unik\u00e1n\u00ed designovou fotoknihu s origin\u00e1ln\u00ed grafikou p\u0159esn\u011b na m\u00edru va\u0161ich p\u0159edstav.<\/p>\n<\/div><div class=\"fusion-clearfix\"><\/div><\/div><\/div><div class=\"fusion-layout-column fusion_builder_column fusion-builder-column-4 fusion_builder_column_1_4 1_4 fusion-one-fourth fusion-column-last\" style=\"--awb-bg-size:cover;width:25%;width:calc(25% - ( ( 4% + 4% + 4% ) * 0.25 ) );\"><div class=\"fusion-column-wrapper fusion-column-has-shadow fusion-flex-column-wrapper-legacy\"><div class=\"fusion-fa-align-center\"><i class=\"fb-icon-element-4 fb-icon-element fontawesome-icon fa-smile far circle-yes\" style=\"--awb-circlecolor:#cd177b;--awb-circlecolor-hover:#cd177b;--awb-circlebordersize:1px;--awb-font-size:35.2px;--awb-width:70.4px;--awb-height:70.4px;--awb-line-height:68.4px;--awb-margin-top:2%;--awb-margin-bottom:5%;\"><\/i><\/div><div class=\"fusion-text fusion-text-5\"><p style=\"text-align: center;\">Optimalizujeme va\u0161e fotografie pro co nejlep\u0161\u00ed tisk.<\/p>\n<\/div><div class=\"fusion-clearfix\"><\/div><\/div><\/div><\/div><\/div><div class=\"fusion-fullwidth fullwidth-box fusion-builder-row-3 nonhundred-percent-fullwidth non-hundred-percent-height-scrolling\" style=\"--awb-border-radius-top-left:0px;--awb-border-radius-top-right:0px;--awb-border-radius-bottom-right:0px;--awb-border-radius-bottom-left:0px;--awb-padding-top:4%;--awb-padding-right:4%;--awb-padding-bottom:0px;--awb-padding-left:4%;--awb-background-color:#2d2d2d;--awb-flex-wrap:wrap;\" ><div class=\"fusion-builder-row fusion-row\"><div class=\"fusion-layout-column fusion_builder_column fusion-builder-column-5 fusion_builder_column_1_1 1_1 fusion-one-full fusion-column-first fusion-column-last\" style=\"--awb-bg-size:cover;--awb-margin-bottom:0px;\"><div class=\"fusion-column-wrapper fusion-column-has-shadow fusion-flex-column-wrapper-legacy\"><div class=\"fusion-title title fusion-title-2 fusion-sep-none fusion-title-center fusion-title-text fusion-title-size-four\"><h4 class=\"fusion-title-heading title-heading-center fusion-responsive-typography-calculated\" style=\"margin:0;--fontSize:25;line-height:1.43;\"><p style=\"text-align: center;\">ZAJIST\u00cdME V\u00c1M V\u00ddROBU<br \/>\nU V\u00c1MI VYBRAN\u00c9HO DODAVATELE<\/p><\/h4><\/div><div class=\"fusion-text fusion-text-6\"><p style=\"text-align: center;\">Ned\u00edlnou sou\u010d\u00e1st\u00ed na\u0161\u00ed slu\u017eby je i zaji\u0161t\u011bn\u00ed v\u00fdroby u v\u00e1mi vybran\u00e9ho dodavatele.<\/p>\n<\/div><div class=\"fusion-clearfix\"><\/div><\/div><\/div><\/div><\/div><div class=\"fusion-fullwidth fullwidth-box fusion-builder-row-4 nonhundred-percent-fullwidth non-hundred-percent-height-scrolling\" style=\"--awb-border-radius-top-left:0px;--awb-border-radius-top-right:0px;--awb-border-radius-bottom-right:0px;--awb-border-radius-bottom-left:0px;--awb-background-color:#2d2d2d;--awb-flex-wrap:wrap;\" ><div class=\"fusion-builder-row fusion-row\"><div class=\"fusion-layout-column fusion_builder_column fusion-builder-column-6 fusion_builder_column_1_4 1_4 fusion-one-fourth fusion-column-first\" style=\"--awb-bg-size:cover;width:25%;width:calc(25% - ( ( 4% + 4% + 4% ) * 0.25 ) );margin-right: 4%;\"><div class=\"fusion-column-wrapper fusion-column-has-shadow fusion-flex-column-wrapper-legacy\"><div class=\"fusion-fa-align-center\"><i class=\"fb-icon-element-5 fb-icon-element fontawesome-icon fa-comments far circle-yes\" style=\"--awb-circlecolor:#cd177b;--awb-circlecolor-hover:#cd177b;--awb-circlebordersize:1px;--awb-font-size:35.2px;--awb-width:70.4px;--awb-height:70.4px;--awb-line-height:68.4px;--awb-margin-top:2%;--awb-margin-bottom:5%;\"><\/i><\/div><div class=\"fusion-text fusion-text-7\"><p style=\"text-align: center;\">Zajist\u00edme ve\u0161kerou odbornou komunikaci s dodavatelem.<\/p>\n<\/div><div class=\"fusion-clearfix\"><\/div><\/div><\/div><div class=\"fusion-layout-column fusion_builder_column fusion-builder-column-7 fusion_builder_column_1_4 1_4 fusion-one-fourth\" style=\"--awb-bg-size:cover;width:25%;width:calc(25% - ( ( 4% + 4% + 4% ) * 0.25 ) );margin-right: 4%;\"><div class=\"fusion-column-wrapper fusion-column-has-shadow fusion-flex-column-wrapper-legacy\"><div class=\"fusion-fa-align-center\"><i class=\"fb-icon-element-6 fb-icon-element fontawesome-icon fa-print fas circle-yes\" style=\"--awb-circlecolor:#cd177b;--awb-circlecolor-hover:#cd177b;--awb-circlebordersize:1px;--awb-font-size:35.2px;--awb-width:70.4px;--awb-height:70.4px;--awb-line-height:68.4px;--awb-margin-top:2%;--awb-margin-bottom:5%;\"><\/i><\/div><div class=\"fusion-text fusion-text-8\"><p style=\"text-align: center;\">Dohl\u00e9dneme na kvalitu tisku.<\/p>\n<\/div><div class=\"fusion-clearfix\"><\/div><\/div><\/div><div class=\"fusion-layout-column fusion_builder_column fusion-builder-column-8 fusion_builder_column_1_4 1_4 fusion-one-fourth\" style=\"--awb-bg-size:cover;width:25%;width:calc(25% - ( ( 4% + 4% + 4% ) * 0.25 ) );margin-right: 4%;\"><div class=\"fusion-column-wrapper fusion-column-has-shadow fusion-flex-column-wrapper-legacy\"><div class=\"fusion-fa-align-center\"><i class=\"fb-icon-element-7 fb-icon-element fontawesome-icon fa-clock far circle-yes\" style=\"--awb-circlecolor:#cd177b;--awb-circlecolor-hover:#cd177b;--awb-circlebordersize:1px;--awb-font-size:35.2px;--awb-width:70.4px;--awb-height:70.4px;--awb-line-height:68.4px;--awb-margin-top:2%;--awb-margin-bottom:5%;\"><\/i><\/div><div class=\"fusion-text fusion-text-9\"><p style=\"text-align: center;\">Ohl\u00edd\u00e1me term\u00edn dokon\u010den\u00ed.<\/p>\n<\/div><div class=\"fusion-clearfix\"><\/div><\/div><\/div><div class=\"fusion-layout-column fusion_builder_column fusion-builder-column-9 fusion_builder_column_1_4 1_4 fusion-one-fourth fusion-column-last\" style=\"--awb-bg-size:cover;width:25%;width:calc(25% - ( ( 4% + 4% + 4% ) * 0.25 ) );\"><div class=\"fusion-column-wrapper fusion-column-has-shadow fusion-flex-column-wrapper-legacy\"><div class=\"fusion-fa-align-center\"><i class=\"fb-icon-element-8 fb-icon-element fontawesome-icon fa-heart-broken fas circle-yes\" style=\"--awb-circlecolor:#cd177b;--awb-circlecolor-hover:#cd177b;--awb-circlebordersize:1px;--awb-font-size:35.2px;--awb-width:70.4px;--awb-height:70.4px;--awb-line-height:68.4px;--awb-margin-top:2%;--awb-margin-bottom:5%;\"><\/i><\/div><div class=\"fusion-text fusion-text-10\"><p style=\"text-align: center;\">Pom\u016f\u017eeme p\u0159i p\u0159\u00edpadn\u00e9 reklamaci.<\/p>\n<\/div><div class=\"fusion-clearfix\"><\/div><\/div><\/div><\/div><\/div><div class=\"fusion-fullwidth fullwidth-box fusion-builder-row-5 nonhundred-percent-fullwidth non-hundred-percent-height-scrolling\" style=\"--awb-border-radius-top-left:0px;--awb-border-radius-top-right:0px;--awb-border-radius-bottom-right:0px;--awb-border-radius-bottom-left:0px;--awb-padding-top:2%;--awb-padding-bottom:2%;--awb-background-color:#2d2d2d;--awb-flex-wrap:wrap;\" ><div class=\"fusion-builder-row fusion-row\"><div class=\"fusion-layout-column fusion_builder_column fusion-builder-column-10 fusion_builder_column_1_1 1_1 fusion-one-full fusion-column-first fusion-column-last\" style=\"--awb-bg-size:cover;\"><div class=\"fusion-column-wrapper fusion-column-has-shadow fusion-flex-column-wrapper-legacy\"><div class=\"fusion-aligncenter\"><a class=\"fusion-button button-flat button-xlarge button-default fusion-button-default button-1 fusion-button-default-span fusion-button-default-type fusion-animated\" data-animationType=\"fadeInUp\" data-animationDuration=\"0.3\" data-animationOffset=\"top-into-view\" target=\"_self\" href=\"mailto: info@fotonet.cz\"><span class=\"fusion-button-text awb-button__text awb-button__text--default\">M\u00c1M Z\u00c1JEM<\/span><\/a><\/div><div class=\"fusion-clearfix\"><\/div><\/div><\/div><\/div><\/div><\/p>\n","protected":false},"excerpt":{"rendered":"","protected":false},"author":6,"featured_media":0,"parent":12730,"menu_order":0,"comment_status":"closed","ping_status":"closed","template":"100-width.php","meta":{"footnotes":""},"class_list":["post-12913","page","type-page","status-publish","hentry"],"_links":{"self":[{"href":"https:\/\/fotonet.cz\/wordpress\/wp-json\/wp\/v2\/pages\/12913","targetHints":{"allow":["GET"]}}],"collection":[{"href":"https:\/\/fotonet.cz\/wordpress\/wp-json\/wp\/v2\/pages"}],"about":[{"href":"https:\/\/fotonet.cz\/wordpress\/wp-json\/wp\/v2\/types\/page"}],"author":[{"embeddable":true,"href":"https:\/\/fotonet.cz\/wordpress\/wp-json\/wp\/v2\/users\/6"}],"replies":[{"embeddable":true,"href":"https:\/\/fotonet.cz\/wordpress\/wp-json\/wp\/v2\/comments?post=12913"}],"version-history":[{"count":14,"href":"https:\/\/fotonet.cz\/wordpress\/wp-json\/wp\/v2\/pages\/12913\/revisions"}],"predecessor-version":[{"id":14754,"href":"https:\/\/fotonet.cz\/wordpress\/wp-json\/wp\/v2\/pages\/12913\/revisions\/14754"}],"up":[{"embeddable":true,"href":"https:\/\/fotonet.cz\/wordpress\/wp-json\/wp\/v2\/pages\/12730"}],"wp:attachment":[{"href":"https:\/\/fotonet.cz\/wordpress\/wp-json\/wp\/v2\/media?parent=12913"}],"curies":[{"name":"wp","href":"https:\/\/api.w.org\/{rel}","templated":true}]}}